{"id":1706,"date":"2025-06-25T23:51:22","date_gmt":"2025-06-25T21:51:22","guid":{"rendered":"https:\/\/kadidiaba.com\/?page_id=1706"},"modified":"2026-04-13T15:59:48","modified_gmt":"2026-04-13T13:59:48","slug":"projekty","status":"publish","type":"page","link":"https:\/\/kadidiaba.com\/en\/projekty\/","title":{"rendered":"Painting 2020-2025"},"content":{"rendered":"<h2 style=\"font-style:normal;font-weight:500;text-decoration:none;\" class=\"wp-block-post-title has-x-large-font-size\">Painting 2020-2025<\/h2>\n\n\n<p style=\"font-size:clamp(0.875rem, 0.875rem + ((1vw - 0.2rem) * 0.118), 0.95rem);font-style:normal;font-weight:500;text-transform:uppercase\">Painting Artworks<\/p>\n\n\n\n<p style=\"font-size:clamp(0.875rem, 0.875rem + ((1vw - 0.2rem) * 0.118), 0.95rem);\">In my paintings from 2020\u20132025, the female body occupies a central role as a carrier of memory, transformation, and resistance. I work with figurative forms, often distorted, unsettling, yet sensual\u2014bodies that tell stories inscribed in the skin, scars, and gestures.<\/p>\n\n\n\n<p style=\"font-size:clamp(0.875rem, 0.875rem + ((1vw - 0.2rem) * 0.118), 0.95rem);\">Color in my work serves both an emotional and symbolic function\u2014I juxtapose vivid oranges, purples, and reds with muted flesh tones to create tensions between strength and fragility, visibility and disappearance.<\/p>\n\n\n\n<p style=\"font-size:clamp(0.875rem, 0.875rem + ((1vw - 0.2rem) * 0.118), 0.95rem);\">Feminine themes appear not only in the subject matter but also in my approach to materiality \u2013 I paint intuitively and in layers, working closely with the material, often using textiles, reclaimed canvases, or industrial paints. Femininity in my practice is not a form but an experience: embodied, ambivalent, sometimes brutal, sometimes tender.<\/p>\n\n\n\n<p style=\"font-size:clamp(0.875rem, 0.875rem + ((1vw - 0.2rem) * 0.118), 0.95rem);\">My works from this period can be read as a kind of visual diaries in which the boundaries between painting and textile, document and myth become blurred.<\/p>\n\n\n\n<figure class=\"wp-block-image size-large is-resized\"><img loading=\"lazy\" decoding=\"async\" width=\"927\" height=\"1236\" src=\"https:\/\/kadidiaba.com\/wp-content\/uploads\/2025\/07\/Portfolio_AZwersja_1_page-0004-edited.jpg\" alt=\"\" class=\"wp-image-1962\" style=\"width:458px;height:auto\" srcset=\"https:\/\/kadidiaba.com\/wp-content\/uploads\/2025\/07\/Portfolio_AZwersja_1_page-0004-edited.jpg 927w, https:\/\/kadidiaba.com\/wp-content\/uploads\/2025\/07\/Portfolio_AZwersja_1_page-0004-edited-225x300.jpg 225w, https:\/\/kadidiaba.com\/wp-content\/uploads\/2025\/07\/Portfolio_AZwersja_1_page-0004-edited-768x1024.jpg 768w\" sizes=\"auto, (max-width: 927px) 100vw, 927px\" \/><figcaption class=\"wp-element-caption\">\u201eBe your peak energy\u201d 200 x 150 cm , mix media<\/figcaption><\/figure>\n\n\n\n<figure class=\"wp-block-image size-large is-resized\"><img loading=\"lazy\" decoding=\"async\" width=\"702\" height=\"1024\" src=\"https:\/\/kadidiaba.com\/wp-content\/uploads\/2025\/07\/Screenshot-2025-07-07-151307-702x1024.png\" alt=\"\" class=\"wp-image-1967\" style=\"width:428px;height:auto\" srcset=\"https:\/\/kadidiaba.com\/wp-content\/uploads\/2025\/07\/Screenshot-2025-07-07-151307-702x1024.png 702w, https:\/\/kadidiaba.com\/wp-content\/uploads\/2025\/07\/Screenshot-2025-07-07-151307-206x300.png 206w, https:\/\/kadidiaba.com\/wp-content\/uploads\/2025\/07\/Screenshot-2025-07-07-151307.png 754w\" sizes=\"auto, (max-width: 702px) 100vw, 702px\" \/><figcaption class=\"wp-element-caption\">&#8222;Madonna&#8221; 240 x 150 cm, <em>fabric painting,<\/em><\/figcaption><\/figure>\n\n\n\n<div style=\"height:7px\" aria-hidden=\"true\" class=\"wp-block-spacer\"><\/div>\n\n\n\n<figure class=\"wp-block-image size-full is-resized\"><img loading=\"lazy\" decoding=\"async\" width=\"798\" height=\"844\" src=\"https:\/\/kadidiaba.com\/wp-content\/uploads\/2025\/07\/Screenshot-2025-07-07-151322.png\" alt=\"\" class=\"wp-image-1971\" style=\"width:445px;height:auto\" srcset=\"https:\/\/kadidiaba.com\/wp-content\/uploads\/2025\/07\/Screenshot-2025-07-07-151322.png 798w, https:\/\/kadidiaba.com\/wp-content\/uploads\/2025\/07\/Screenshot-2025-07-07-151322-284x300.png 284w, https:\/\/kadidiaba.com\/wp-content\/uploads\/2025\/07\/Screenshot-2025-07-07-151322-768x812.png 768w\" sizes=\"auto, (max-width: 798px) 100vw, 798px\" \/><figcaption class=\"wp-element-caption\">No Title, 50 x 50 cm, mix media<\/figcaption><\/figure>\n\n\n\n<p style=\"font-size:clamp(0.875rem, 0.875rem + ((1vw - 0.2rem) * 0.118), 0.95rem);\"><\/p>\n\n\n\n<figure class=\"wp-block-image size-full is-resized\"><img loading=\"lazy\" decoding=\"async\" width=\"758\" height=\"910\" src=\"https:\/\/kadidiaba.com\/wp-content\/uploads\/2025\/07\/Screenshot-2025-07-07-151334.png\" alt=\"\" class=\"wp-image-1970\" style=\"width:451px;height:auto\" srcset=\"https:\/\/kadidiaba.com\/wp-content\/uploads\/2025\/07\/Screenshot-2025-07-07-151334.png 758w, https:\/\/kadidiaba.com\/wp-content\/uploads\/2025\/07\/Screenshot-2025-07-07-151334-250x300.png 250w\" sizes=\"auto, (max-width: 758px) 100vw, 758px\" \/><figcaption class=\"wp-element-caption\">No Title, 100 x 50 cm, mix media<\/figcaption><\/figure>\n\n\n\n<div style=\"height:9px\" aria-hidden=\"true\" class=\"wp-block-spacer\"><\/div>\n\n\n\n<div class=\"wp-block-columns alignwide are-vertically-aligned-top is-layout-flex wp-container-core-columns-is-layout-08c01c1c wp-block-columns-is-layout-flex\">\n<div class=\"wp-block-column is-layout-flow wp-block-column-is-layout-flow\"><\/div>\n\n\n\n<div class=\"wp-block-column is-layout-flow wp-block-column-is-layout-flow\"><\/div>\n<\/div>\n\n\n\n<p style=\"font-size:clamp(0.875rem, 0.875rem + ((1vw - 0.2rem) * 0.118), 0.95rem);\"><\/p>\n\n\n\n<p style=\"font-size:clamp(0.875rem, 0.875rem + ((1vw - 0.2rem) * 0.118), 0.95rem);\"><\/p>\n\n\n\n<div style=\"height:103px\" aria-hidden=\"true\" class=\"wp-block-spacer\"><\/div>","protected":false},"excerpt":{"rendered":"<p>prace malarskie W moim malarstwie z lat 2020\u20132025 centralne miejsce zajmuje kobiece cia\u0142o jako no\u015bnik pami\u0119ci, transformacji i sprzeciwu. Pracuj\u0119 z form\u0105 figuratywn\u0105, cz\u0119sto zniekszta\u0142con\u0105, niepokoj\u0105c\u0105, lecz zmys\u0142ow\u0105 \u2013 cia\u0142em, kt\u00f3re opowiada historie zapisane w sk\u00f3rze, bliznach i gestach. Kolor pe\u0142ni w moich pracach funkcj\u0119 emocjonaln\u0105 i symboliczn\u0105 \u2013 jaskrawe oran\u017ce, fiolety i czerwienie zestawiam [&hellip;]<\/p>\n","protected":false},"author":1,"featured_media":0,"parent":0,"menu_order":0,"comment_status":"closed","ping_status":"closed","template":"","meta":{"footnotes":""},"class_list":["post-1706","page","type-page","status-publish","hentry"],"_links":{"self":[{"href":"https:\/\/kadidiaba.com\/en\/wp-json\/wp\/v2\/pages\/1706","targetHints":{"allow":["GET"]}}],"collection":[{"href":"https:\/\/kadidiaba.com\/en\/wp-json\/wp\/v2\/pages"}],"about":[{"href":"https:\/\/kadidiaba.com\/en\/wp-json\/wp\/v2\/types\/page"}],"author":[{"embeddable":true,"href":"https:\/\/kadidiaba.com\/en\/wp-json\/wp\/v2\/users\/1"}],"replies":[{"embeddable":true,"href":"https:\/\/kadidiaba.com\/en\/wp-json\/wp\/v2\/comments?post=1706"}],"version-history":[{"count":36,"href":"https:\/\/kadidiaba.com\/en\/wp-json\/wp\/v2\/pages\/1706\/revisions"}],"predecessor-version":[{"id":2019,"href":"https:\/\/kadidiaba.com\/en\/wp-json\/wp\/v2\/pages\/1706\/revisions\/2019"}],"wp:attachment":[{"href":"https:\/\/kadidiaba.com\/en\/wp-json\/wp\/v2\/media?parent=1706"}],"curies":[{"name":"wp","href":"https:\/\/api.w.org\/{rel}","templated":true}]}}