{"id":1773,"date":"2025-06-26T00:58:25","date_gmt":"2025-06-25T22:58:25","guid":{"rendered":"https:\/\/kadidiaba.com\/?page_id=1773"},"modified":"2026-04-14T20:04:25","modified_gmt":"2026-04-14T18:04:25","slug":"po-twor-dyplom-licencjacki","status":"publish","type":"page","link":"https:\/\/kadidiaba.com\/en\/po-twor-dyplom-licencjacki\/","title":{"rendered":"Bachelor's Degree"},"content":{"rendered":"<h2 class=\"wp-block-heading\">Po<strong>\u00b7<\/strong>tw\u00f3r: Dyplom Licencjacki<\/h2>\n\n\n\n<p style=\"font-size:clamp(0.875rem, 0.875rem + ((1vw - 0.2rem) * 0.118), 0.95rem);font-style:normal;font-weight:500;letter-spacing:0.5px;text-transform:uppercase\">Projekt powsta\u0142 w ramach dyplomu na Akademii Sztuk Pi\u0119knych w Warszawie, 2021<\/p>\n\n\n\n<blockquote class=\"wp-block-quote is-layout-flow wp-container-core-quote-is-layout-22223934 wp-block-quote-is-layout-flow\">\n<p style=\"font-size:clamp(24.034px, 1.502rem + ((1vw - 3.2px) * 1.565), 40px);\"><strong>po\u00b7tw\u00f3r<\/strong> <\/p>\n\n\n\n<p style=\"font-size:clamp(0.875rem, 0.875rem + ((1vw - 0.2rem) * 0.118), 0.95rem);\">Dyplom Licencjacki 2021<\/p>\n\n\n\n<p style=\"font-size:clamp(0.875rem, 0.875rem + ((1vw - 0.2rem) * 0.118), 0.95rem);\">Akademia Sztuk Pieknych w Warszawie<\/p>\n\n\n\n<p style=\"font-size:clamp(0.875rem, 0.875rem + ((1vw - 0.2rem) * 0.118), 0.95rem);\">Wydzia\u0142 Sztuki Medi\u00f3w<\/p>\n\n\n\n<p style=\"font-size:clamp(0.875rem, 0.875rem + ((1vw - 0.2rem) * 0.118), 0.95rem);\">Pracownia Koncepcji Obrazu<\/p>\n\n\n\n<p style=\"font-size:clamp(0.875rem, 0.875rem + ((1vw - 0.2rem) * 0.118), 0.95rem);\">Prowadz\u0105cy: dr.Hab. Pawe\u0142 Susid, mgr. Irmina Sta\u015b<\/p>\n<\/blockquote>\n\n\n\n<figure class=\"wp-block-video\"><video height=\"720\" style=\"aspect-ratio: 1280 \/ 720;\" width=\"1280\" autoplay controls loop muted src=\"https:\/\/kadidiaba.com\/wp-content\/uploads\/2026\/04\/Kadidia-Ba-_-Praca-Dyplomowa-ASP-2021-Warszawa.mp4\" playsinline><\/video><figcaption class=\"wp-element-caption\"><strong>WYSTAWA PRAC DYPLOMOWYCH<\/strong> &#8211; VIDEO<\/figcaption><\/figure>\n\n\n\n<div style=\"height:10px\" aria-hidden=\"true\" class=\"wp-block-spacer\"><\/div>\n\n\n\n<p style=\"font-size:clamp(0.875rem, 0.875rem + ((1vw - 0.2rem) * 0.118), 0.95rem);\"><strong>\u201emonster\u201d<\/strong> This is a cycle of large-format painting objects that I created as my diploma thesis at the Academy of Fine Arts in Warsaw in 2021. The works revolve around the theme of the boundary between the human and the animal. I use utilitarian materials \u2013 fabrics intended for the production of clothing, bedding, and blankets \u2013 to give the works the character of skin, something that can cover the body. I treated these fabrics, stiffened them, and then covered them with painterly means of expression \u2013 patterns, colors, symbols \u2013 creating hybrid forms with dimensions close to the human body.<\/p>\n\n\n\n<p class=\"is-style-default\" style=\"font-size:clamp(0.875rem, 0.875rem + ((1vw - 0.2rem) * 0.118), 0.95rem);\">The film documents a diploma exhibition realized in a private apartment, which was transformed into an exhibition space for the duration of the presentation. The homey nature of the venue emphasizes the intimate and introspective dimension of the project, and the choice of this presentation format becomes a symbolic gesture \u2013 opening a private, physical, and psychological space to external gaze. The film not only records the objects but also captures the atmosphere of their creation and presence in everyday surroundings, highlighting the physicality of the works and their personal character.<\/p>\n\n\n\n<div style=\"height:7px\" aria-hidden=\"true\" class=\"wp-block-spacer\"><\/div>\n\n\n\n<figure class=\"wp-block-video\"><video height=\"1080\" style=\"aspect-ratio: 1920 \/ 1080;\" width=\"1920\" autoplay controls loop muted src=\"https:\/\/kadidiaba.com\/wp-content\/uploads\/2025\/07\/prezentacja_biale_tlo.mp4\" playsinline><\/video><\/figure>\n\n\n\n<div style=\"height:10px\" aria-hidden=\"true\" class=\"wp-block-spacer\"><\/div>\n\n\n\n<p style=\"font-size:clamp(0.875rem, 0.875rem + ((1vw - 0.2rem) * 0.118), 0.95rem);\">The starting point for this work was my reflection on humans as beings separated from the animal world by layers of culture, society, and religion \u2013 which I called \u201eshells.\u201d My paintings depict the process of them being stripped away: the brutal gesture of tearing off skin becomes a symbol of penetrating deep into the human being, reaching primal emotions and characteristics. I show a liminal moment \u2013 the crossing between human and animal, which reveals instincts, aggression, and brutality as an integral part of our nature.<\/p>\n\n\n\n<div style=\"height:13px\" aria-hidden=\"true\" class=\"wp-block-spacer\"><\/div>\n\n\n\n<figure class=\"wp-block-image aligncenter size-large is-resized\"><img loading=\"lazy\" decoding=\"async\" width=\"1024\" height=\"724\" src=\"https:\/\/kadidiaba.com\/wp-content\/uploads\/2026\/04\/1-1024x724.jpg\" alt=\"\" class=\"wp-image-2070\" style=\"aspect-ratio:1.4143795295779806;width:607px;height:auto\" srcset=\"https:\/\/kadidiaba.com\/wp-content\/uploads\/2026\/04\/1-1024x724.jpg 1024w, https:\/\/kadidiaba.com\/wp-content\/uploads\/2026\/04\/1-300x212.jpg 300w, https:\/\/kadidiaba.com\/wp-content\/uploads\/2026\/04\/1-768x543.jpg 768w, https:\/\/kadidiaba.com\/wp-content\/uploads\/2026\/04\/1-1536x1086.jpg 1536w, https:\/\/kadidiaba.com\/wp-content\/uploads\/2026\/04\/1-18x12.jpg 18w, https:\/\/kadidiaba.com\/wp-content\/uploads\/2026\/04\/1.jpg 2000w\" sizes=\"auto, (max-width: 1024px) 100vw, 1024px\" \/><\/figure>\n\n\n\n<div style=\"height:14px\" aria-hidden=\"true\" class=\"wp-block-spacer\"><\/div>\n\n\n\n<p style=\"font-size:clamp(0.875rem, 0.875rem + ((1vw - 0.2rem) * 0.118), 0.95rem);\">This cycle is deeply rooted in the experience of self-reflection and the process of self-discovery. While working on it, I evoked a state of isolation where one's own inner world becomes the sole cognitive stimulus. For me, the creative process was parallel to psychological vivisection\u2014uncovering difficult emotions, internal conflicts, and sensitive areas of the psyche. The painted skins transformed into monsters, embodiments of unsettling truths about myself. Brutality became not only the theme but also the method of analysis.<\/p>\n\n\n\n<p style=\"font-size:clamp(14px, 0.875rem + ((1vw - 3.2px) * 0.49), 19px);\"><em>The motif of skin is a central painterly sign for me \u2013 both as a visual form and as a metaphor. In the early works of the cycle, shapes resembling coverings peeled from the body dominate, while in later ones, animal, monstrous, and hybrid forms appear. The titular \u201ecreature\u201d is the result of a symbolic process \u2013 a being created from the union of human and animal, an image of what is hidden beneath the cultural mask of civilization. The shapes take on open mouths, teeth, tense muscles \u2013 symbols of pain, wildness.<\/em><\/p>\n\n\n\n<div style=\"height:9px\" aria-hidden=\"true\" class=\"wp-block-spacer\"><\/div>\n\n\n\n<figure class=\"wp-block-image aligncenter size-large is-resized\"><img loading=\"lazy\" decoding=\"async\" width=\"1024\" height=\"724\" src=\"https:\/\/kadidiaba.com\/wp-content\/uploads\/2026\/04\/2-1024x724.jpg\" alt=\"\" class=\"wp-image-2071\" style=\"aspect-ratio:1.4143795295779806;width:617px;height:auto\" srcset=\"https:\/\/kadidiaba.com\/wp-content\/uploads\/2026\/04\/2-1024x724.jpg 1024w, https:\/\/kadidiaba.com\/wp-content\/uploads\/2026\/04\/2-300x212.jpg 300w, https:\/\/kadidiaba.com\/wp-content\/uploads\/2026\/04\/2-768x543.jpg 768w, https:\/\/kadidiaba.com\/wp-content\/uploads\/2026\/04\/2-1536x1086.jpg 1536w, https:\/\/kadidiaba.com\/wp-content\/uploads\/2026\/04\/2-18x12.jpg 18w, https:\/\/kadidiaba.com\/wp-content\/uploads\/2026\/04\/2.jpg 2000w\" sizes=\"auto, (max-width: 1024px) 100vw, 1024px\" \/><\/figure>\n\n\n\n<div style=\"height:14px\" aria-hidden=\"true\" class=\"wp-block-spacer\"><\/div>\n\n\n\n<p style=\"font-size:clamp(0.875rem, 0.875rem + ((1vw - 0.2rem) * 0.118), 0.95rem);\">Sk\u00f3r\u0119 kreuje na podobie\u0144stwo cz\u0142owieka. Pokrywam j\u0105 wzorami, kszta\u0142tami i kolorami odpowiadaj\u0105cymi wykreowanemu przez ludzko\u015b\u0107 spo\u0142ecze\u0144stwu. Pr\u00f3buj\u0119 stworzy\u0107 imitacj\u0119 tego, co produkuje ludzko\u015b\u0107, pos\u0142uguj\u0105c si\u0119 medium malarskim, rysunkowym i graficznym. \u0141\u0105cz\u0105c tkaniny, media plastyczne i symbole na kszta\u0142cie sk\u00f3ry zwierz\u0119cia chc\u0119 uzyska\u0107 wizualno\u015b\u0107, kt\u00f3r\u0105 okre\u015bla si\u0119 jako ludzk\u0105. Tematy wzor\u00f3w\/przedstawie\u0144 na pracach s\u0105 abstrakcyjnym opracowaniem tego, co cechuje ludzko\u015b\u0107 pod wzgl\u0119dem wizualnym, czyli to, czego nie jest w stanie wykreowa\u0107 \u015bwiat zwierz\u0105t (np. pismo, fioletowa sier\u015b\u0107). Sk\u00f3ra jest ludzka, wizualnie jej zawarto\u015b\u0107 nie przypomina \u017cadnego zwierz\u0119cia, jej obrys jest kszta\u0142tem bestii, &#8222;cz\u0142owieka-zwierz\u0119cia&#8221;, z kt\u00f3rego zosta\u0142a zerwana.<\/p>\n\n\n\n<div style=\"height:8px\" aria-hidden=\"true\" class=\"wp-block-spacer\"><\/div>\n\n\n\n<p style=\"font-size:clamp(0.875rem, 0.875rem + ((1vw - 0.2rem) * 0.118), 0.95rem);font-style:normal;font-weight:500;letter-spacing:0.5px;text-transform:uppercase\">Przegl\u0105d prac:<\/p>\n\n\n\n<div style=\"height:52px\" aria-hidden=\"true\" class=\"wp-block-spacer\"><\/div>\n\n\n\n<figure class=\"wp-block-image aligncenter size-large is-resized\"><img loading=\"lazy\" decoding=\"async\" width=\"931\" height=\"1024\" src=\"https:\/\/kadidiaba.com\/wp-content\/uploads\/2025\/07\/Prezentacja_dyplom_2021_wszystkie_prace-9-edited-e1776189826164-931x1024.jpg\" alt=\"\" class=\"wp-image-1903\" style=\"aspect-ratio:0.9091811163995358;width:615px;height:auto\" srcset=\"https:\/\/kadidiaba.com\/wp-content\/uploads\/2025\/07\/Prezentacja_dyplom_2021_wszystkie_prace-9-edited-e1776189826164-931x1024.jpg 931w, https:\/\/kadidiaba.com\/wp-content\/uploads\/2025\/07\/Prezentacja_dyplom_2021_wszystkie_prace-9-edited-e1776189826164-273x300.jpg 273w, https:\/\/kadidiaba.com\/wp-content\/uploads\/2025\/07\/Prezentacja_dyplom_2021_wszystkie_prace-9-edited-e1776189826164-768x845.jpg 768w, https:\/\/kadidiaba.com\/wp-content\/uploads\/2025\/07\/Prezentacja_dyplom_2021_wszystkie_prace-9-edited-e1776189826164-1396x1536.jpg 1396w, https:\/\/kadidiaba.com\/wp-content\/uploads\/2025\/07\/Prezentacja_dyplom_2021_wszystkie_prace-9-edited-e1776189826164-11x12.jpg 11w, https:\/\/kadidiaba.com\/wp-content\/uploads\/2025\/07\/Prezentacja_dyplom_2021_wszystkie_prace-9-edited-e1776189826164.jpg 1533w\" sizes=\"auto, (max-width: 931px) 100vw, 931px\" \/><\/figure>\n\n\n\n<div style=\"height:58px\" aria-hidden=\"true\" class=\"wp-block-spacer\"><\/div>\n\n\n\n<figure class=\"wp-block-image aligncenter size-large is-resized\"><img loading=\"lazy\" decoding=\"async\" width=\"1024\" height=\"1024\" src=\"https:\/\/kadidiaba.com\/wp-content\/uploads\/2025\/07\/Prezentacja_dyplom_2021_wszystkie_prace-10-edited-1024x1024.jpg\" alt=\"\" class=\"wp-image-1904\" style=\"width:610px;height:auto\" srcset=\"https:\/\/kadidiaba.com\/wp-content\/uploads\/2025\/07\/Prezentacja_dyplom_2021_wszystkie_prace-10-edited-1024x1024.jpg 1024w, https:\/\/kadidiaba.com\/wp-content\/uploads\/2025\/07\/Prezentacja_dyplom_2021_wszystkie_prace-10-edited-300x300.jpg 300w, https:\/\/kadidiaba.com\/wp-content\/uploads\/2025\/07\/Prezentacja_dyplom_2021_wszystkie_prace-10-edited-150x150.jpg 150w, https:\/\/kadidiaba.com\/wp-content\/uploads\/2025\/07\/Prezentacja_dyplom_2021_wszystkie_prace-10-edited-768x768.jpg 768w, https:\/\/kadidiaba.com\/wp-content\/uploads\/2025\/07\/Prezentacja_dyplom_2021_wszystkie_prace-10-edited-1536x1536.jpg 1536w, https:\/\/kadidiaba.com\/wp-content\/uploads\/2025\/07\/Prezentacja_dyplom_2021_wszystkie_prace-10-edited.jpg 1688w\" sizes=\"auto, (max-width: 1024px) 100vw, 1024px\" \/><\/figure>\n\n\n\n<div style=\"height:36px\" aria-hidden=\"true\" class=\"wp-block-spacer\"><\/div>\n\n\n\n<figure class=\"wp-block-image aligncenter size-large is-resized\"><img loading=\"lazy\" decoding=\"async\" width=\"1024\" height=\"969\" src=\"https:\/\/kadidiaba.com\/wp-content\/uploads\/2025\/07\/Prezentacja_dyplom_2021_wszystkie_prace-11-1-scaled-e1776089282673-1024x969.jpg\" alt=\"\" class=\"wp-image-1908\" style=\"aspect-ratio:1.0567686443162936;width:595px;height:auto\" srcset=\"https:\/\/kadidiaba.com\/wp-content\/uploads\/2025\/07\/Prezentacja_dyplom_2021_wszystkie_prace-11-1-scaled-e1776089282673-1024x969.jpg 1024w, https:\/\/kadidiaba.com\/wp-content\/uploads\/2025\/07\/Prezentacja_dyplom_2021_wszystkie_prace-11-1-scaled-e1776089282673-300x284.jpg 300w, https:\/\/kadidiaba.com\/wp-content\/uploads\/2025\/07\/Prezentacja_dyplom_2021_wszystkie_prace-11-1-scaled-e1776089282673-768x726.jpg 768w, https:\/\/kadidiaba.com\/wp-content\/uploads\/2025\/07\/Prezentacja_dyplom_2021_wszystkie_prace-11-1-scaled-e1776089282673-13x12.jpg 13w, https:\/\/kadidiaba.com\/wp-content\/uploads\/2025\/07\/Prezentacja_dyplom_2021_wszystkie_prace-11-1-scaled-e1776089282673.jpg 1406w\" sizes=\"auto, (max-width: 1024px) 100vw, 1024px\" \/><\/figure>\n\n\n\n<div style=\"height:23px\" aria-hidden=\"true\" class=\"wp-block-spacer\"><\/div>\n\n\n\n<div style=\"height:61px\" aria-hidden=\"true\" class=\"wp-block-spacer\"><\/div>\n\n\n\n<figure class=\"wp-block-image aligncenter size-large is-resized\"><img loading=\"lazy\" decoding=\"async\" width=\"1024\" height=\"837\" src=\"https:\/\/kadidiaba.com\/wp-content\/uploads\/2025\/07\/Prezentacja_dyplom_2021_wszystkie_prace-14-scaled-e1776089002895-1024x837.jpg\" alt=\"\" class=\"wp-image-1905\" style=\"aspect-ratio:1.2234242709313263;width:551px;height:auto\" srcset=\"https:\/\/kadidiaba.com\/wp-content\/uploads\/2025\/07\/Prezentacja_dyplom_2021_wszystkie_prace-14-scaled-e1776089002895-1024x837.jpg 1024w, https:\/\/kadidiaba.com\/wp-content\/uploads\/2025\/07\/Prezentacja_dyplom_2021_wszystkie_prace-14-scaled-e1776089002895-300x245.jpg 300w, https:\/\/kadidiaba.com\/wp-content\/uploads\/2025\/07\/Prezentacja_dyplom_2021_wszystkie_prace-14-scaled-e1776089002895-768x628.jpg 768w, https:\/\/kadidiaba.com\/wp-content\/uploads\/2025\/07\/Prezentacja_dyplom_2021_wszystkie_prace-14-scaled-e1776089002895-15x12.jpg 15w, https:\/\/kadidiaba.com\/wp-content\/uploads\/2025\/07\/Prezentacja_dyplom_2021_wszystkie_prace-14-scaled-e1776089002895.jpg 1468w\" sizes=\"auto, (max-width: 1024px) 100vw, 1024px\" \/><\/figure>\n\n\n\n<div style=\"height:41px\" aria-hidden=\"true\" class=\"wp-block-spacer\"><\/div>\n\n\n\n<figure class=\"wp-block-image aligncenter size-large is-resized\"><img loading=\"lazy\" decoding=\"async\" width=\"1024\" height=\"988\" src=\"https:\/\/kadidiaba.com\/wp-content\/uploads\/2025\/07\/Prezentacja_dyplom_2021_wszystkie_prace-18-scaled-e1776089124711-1024x988.jpg\" alt=\"\" class=\"wp-image-1906\" style=\"aspect-ratio:1.036440796158674;width:594px;height:auto\" srcset=\"https:\/\/kadidiaba.com\/wp-content\/uploads\/2025\/07\/Prezentacja_dyplom_2021_wszystkie_prace-18-scaled-e1776089124711-1024x988.jpg 1024w, https:\/\/kadidiaba.com\/wp-content\/uploads\/2025\/07\/Prezentacja_dyplom_2021_wszystkie_prace-18-scaled-e1776089124711-300x289.jpg 300w, https:\/\/kadidiaba.com\/wp-content\/uploads\/2025\/07\/Prezentacja_dyplom_2021_wszystkie_prace-18-scaled-e1776089124711-768x741.jpg 768w, https:\/\/kadidiaba.com\/wp-content\/uploads\/2025\/07\/Prezentacja_dyplom_2021_wszystkie_prace-18-scaled-e1776089124711-12x12.jpg 12w, https:\/\/kadidiaba.com\/wp-content\/uploads\/2025\/07\/Prezentacja_dyplom_2021_wszystkie_prace-18-scaled-e1776089124711.jpg 1493w\" sizes=\"auto, (max-width: 1024px) 100vw, 1024px\" \/><\/figure>\n\n\n\n<div style=\"height:109px\" aria-hidden=\"true\" class=\"wp-block-spacer\"><\/div>\n\n\n\n<figure class=\"wp-block-image aligncenter size-large is-resized\"><img loading=\"lazy\" decoding=\"async\" width=\"1024\" height=\"576\" src=\"https:\/\/kadidiaba.com\/wp-content\/uploads\/2025\/07\/Prezentacja_dyplom_2021_wszystkie_prace-24-1024x576.jpg\" alt=\"\" class=\"wp-image-1907\" style=\"aspect-ratio:1.7777929667475478;width:649px;height:auto\" srcset=\"https:\/\/kadidiaba.com\/wp-content\/uploads\/2025\/07\/Prezentacja_dyplom_2021_wszystkie_prace-24-1024x576.jpg 1024w, https:\/\/kadidiaba.com\/wp-content\/uploads\/2025\/07\/Prezentacja_dyplom_2021_wszystkie_prace-24-300x169.jpg 300w, https:\/\/kadidiaba.com\/wp-content\/uploads\/2025\/07\/Prezentacja_dyplom_2021_wszystkie_prace-24-768x432.jpg 768w, https:\/\/kadidiaba.com\/wp-content\/uploads\/2025\/07\/Prezentacja_dyplom_2021_wszystkie_prace-24-1536x864.jpg 1536w, https:\/\/kadidiaba.com\/wp-content\/uploads\/2025\/07\/Prezentacja_dyplom_2021_wszystkie_prace-24-2048x1152.jpg 2048w\" sizes=\"auto, (max-width: 1024px) 100vw, 1024px\" \/><\/figure>\n\n\n\n<div style=\"height:63px\" aria-hidden=\"true\" class=\"wp-block-spacer\"><\/div>\n\n\n\n<div style=\"height:40px\" aria-hidden=\"true\" class=\"wp-block-spacer\"><\/div>\n\n\n\n<figure class=\"wp-block-image aligncenter size-large is-resized\"><img loading=\"lazy\" decoding=\"async\" width=\"1024\" height=\"887\" src=\"https:\/\/kadidiaba.com\/wp-content\/uploads\/2025\/07\/Prezentacja_dyplom_2021_wszystkie_prace-12-scaled-e1776089338590-1024x887.jpg\" alt=\"\" class=\"wp-image-1910\" style=\"aspect-ratio:1.1544607190412783;width:595px;height:auto\" srcset=\"https:\/\/kadidiaba.com\/wp-content\/uploads\/2025\/07\/Prezentacja_dyplom_2021_wszystkie_prace-12-scaled-e1776089338590-1024x887.jpg 1024w, https:\/\/kadidiaba.com\/wp-content\/uploads\/2025\/07\/Prezentacja_dyplom_2021_wszystkie_prace-12-scaled-e1776089338590-300x260.jpg 300w, https:\/\/kadidiaba.com\/wp-content\/uploads\/2025\/07\/Prezentacja_dyplom_2021_wszystkie_prace-12-scaled-e1776089338590-768x666.jpg 768w, https:\/\/kadidiaba.com\/wp-content\/uploads\/2025\/07\/Prezentacja_dyplom_2021_wszystkie_prace-12-scaled-e1776089338590-1536x1331.jpg 1536w, https:\/\/kadidiaba.com\/wp-content\/uploads\/2025\/07\/Prezentacja_dyplom_2021_wszystkie_prace-12-scaled-e1776089338590-14x12.jpg 14w, https:\/\/kadidiaba.com\/wp-content\/uploads\/2025\/07\/Prezentacja_dyplom_2021_wszystkie_prace-12-scaled-e1776089338590.jpg 1590w\" sizes=\"auto, (max-width: 1024px) 100vw, 1024px\" \/><\/figure>\n\n\n\n<div style=\"height:71px\" aria-hidden=\"true\" class=\"wp-block-spacer\"><\/div>\n\n\n\n<div style=\"height:26px\" aria-hidden=\"true\" class=\"wp-block-spacer\"><\/div>\n\n\n\n<figure class=\"wp-block-image size-large\"><img loading=\"lazy\" decoding=\"async\" width=\"1024\" height=\"576\" src=\"https:\/\/kadidiaba.com\/wp-content\/uploads\/2025\/07\/Prezentacja_dyplom_2021_wszystkie_prace-22-1024x576.jpg\" alt=\"\" class=\"wp-image-1909\" srcset=\"https:\/\/kadidiaba.com\/wp-content\/uploads\/2025\/07\/Prezentacja_dyplom_2021_wszystkie_prace-22-1024x576.jpg 1024w, https:\/\/kadidiaba.com\/wp-content\/uploads\/2025\/07\/Prezentacja_dyplom_2021_wszystkie_prace-22-300x169.jpg 300w, https:\/\/kadidiaba.com\/wp-content\/uploads\/2025\/07\/Prezentacja_dyplom_2021_wszystkie_prace-22-768x432.jpg 768w, https:\/\/kadidiaba.com\/wp-content\/uploads\/2025\/07\/Prezentacja_dyplom_2021_wszystkie_prace-22-1536x864.jpg 1536w, https:\/\/kadidiaba.com\/wp-content\/uploads\/2025\/07\/Prezentacja_dyplom_2021_wszystkie_prace-22-2048x1152.jpg 2048w\" sizes=\"auto, (max-width: 1024px) 100vw, 1024px\" \/><\/figure>\n\n\n\n<div style=\"height:11px\" aria-hidden=\"true\" class=\"wp-block-spacer\"><\/div>\n\n\n\n<figure class=\"wp-block-image size-large\"><img loading=\"lazy\" decoding=\"async\" width=\"1024\" height=\"576\" src=\"https:\/\/kadidiaba.com\/wp-content\/uploads\/2025\/07\/Prezentacja_dyplom_2021_wszystkie_prace-25-1024x576.jpg\" alt=\"\" class=\"wp-image-1911\" srcset=\"https:\/\/kadidiaba.com\/wp-content\/uploads\/2025\/07\/Prezentacja_dyplom_2021_wszystkie_prace-25-1024x576.jpg 1024w, https:\/\/kadidiaba.com\/wp-content\/uploads\/2025\/07\/Prezentacja_dyplom_2021_wszystkie_prace-25-300x169.jpg 300w, https:\/\/kadidiaba.com\/wp-content\/uploads\/2025\/07\/Prezentacja_dyplom_2021_wszystkie_prace-25-768x432.jpg 768w, https:\/\/kadidiaba.com\/wp-content\/uploads\/2025\/07\/Prezentacja_dyplom_2021_wszystkie_prace-25-1536x864.jpg 1536w, https:\/\/kadidiaba.com\/wp-content\/uploads\/2025\/07\/Prezentacja_dyplom_2021_wszystkie_prace-25-2048x1152.jpg 2048w\" sizes=\"auto, (max-width: 1024px) 100vw, 1024px\" \/><\/figure>\n\n\n\n<div style=\"height:44px\" aria-hidden=\"true\" class=\"wp-block-spacer\"><\/div>\n\n\n\n<figure class=\"wp-block-image size-large\"><img loading=\"lazy\" decoding=\"async\" width=\"1024\" height=\"576\" src=\"https:\/\/kadidiaba.com\/wp-content\/uploads\/2025\/07\/Prezentacja_dyplom_2021_wszystkie_prace-26-1024x576.jpg\" alt=\"\" class=\"wp-image-1912\" srcset=\"https:\/\/kadidiaba.com\/wp-content\/uploads\/2025\/07\/Prezentacja_dyplom_2021_wszystkie_prace-26-1024x576.jpg 1024w, https:\/\/kadidiaba.com\/wp-content\/uploads\/2025\/07\/Prezentacja_dyplom_2021_wszystkie_prace-26-300x169.jpg 300w, https:\/\/kadidiaba.com\/wp-content\/uploads\/2025\/07\/Prezentacja_dyplom_2021_wszystkie_prace-26-768x432.jpg 768w, https:\/\/kadidiaba.com\/wp-content\/uploads\/2025\/07\/Prezentacja_dyplom_2021_wszystkie_prace-26-1536x864.jpg 1536w, https:\/\/kadidiaba.com\/wp-content\/uploads\/2025\/07\/Prezentacja_dyplom_2021_wszystkie_prace-26-2048x1152.jpg 2048w\" sizes=\"auto, (max-width: 1024px) 100vw, 1024px\" \/><\/figure>\n\n\n\n<div style=\"height:34px\" aria-hidden=\"true\" class=\"wp-block-spacer\"><\/div>\n\n\n\n<figure class=\"wp-block-image aligncenter size-large is-resized\"><img loading=\"lazy\" decoding=\"async\" width=\"1024\" height=\"811\" src=\"https:\/\/kadidiaba.com\/wp-content\/uploads\/2025\/07\/Prezentacja_dyplom_2021_wszystkie_prace-27-scaled-e1776089396592-1024x811.jpg\" alt=\"\" class=\"wp-image-1913\" style=\"aspect-ratio:1.2626520061166533;width:719px;height:auto\" srcset=\"https:\/\/kadidiaba.com\/wp-content\/uploads\/2025\/07\/Prezentacja_dyplom_2021_wszystkie_prace-27-scaled-e1776089396592-1024x811.jpg 1024w, https:\/\/kadidiaba.com\/wp-content\/uploads\/2025\/07\/Prezentacja_dyplom_2021_wszystkie_prace-27-scaled-e1776089396592-300x238.jpg 300w, https:\/\/kadidiaba.com\/wp-content\/uploads\/2025\/07\/Prezentacja_dyplom_2021_wszystkie_prace-27-scaled-e1776089396592-768x608.jpg 768w, https:\/\/kadidiaba.com\/wp-content\/uploads\/2025\/07\/Prezentacja_dyplom_2021_wszystkie_prace-27-scaled-e1776089396592-1536x1217.jpg 1536w, https:\/\/kadidiaba.com\/wp-content\/uploads\/2025\/07\/Prezentacja_dyplom_2021_wszystkie_prace-27-scaled-e1776089396592-15x12.jpg 15w, https:\/\/kadidiaba.com\/wp-content\/uploads\/2025\/07\/Prezentacja_dyplom_2021_wszystkie_prace-27-scaled-e1776089396592.jpg 1818w\" sizes=\"auto, (max-width: 1024px) 100vw, 1024px\" \/><\/figure>\n\n\n\n<figure class=\"wp-block-image size-large\"><img loading=\"lazy\" decoding=\"async\" width=\"1024\" height=\"724\" src=\"https:\/\/kadidiaba.com\/wp-content\/uploads\/2026\/04\/3-1024x724.jpg\" alt=\"\" class=\"wp-image-2072\" srcset=\"https:\/\/kadidiaba.com\/wp-content\/uploads\/2026\/04\/3-1024x724.jpg 1024w, https:\/\/kadidiaba.com\/wp-content\/uploads\/2026\/04\/3-300x212.jpg 300w, https:\/\/kadidiaba.com\/wp-content\/uploads\/2026\/04\/3-768x543.jpg 768w, https:\/\/kadidiaba.com\/wp-content\/uploads\/2026\/04\/3-1536x1086.jpg 1536w, https:\/\/kadidiaba.com\/wp-content\/uploads\/2026\/04\/3-18x12.jpg 18w, https:\/\/kadidiaba.com\/wp-content\/uploads\/2026\/04\/3.jpg 2000w\" sizes=\"auto, (max-width: 1024px) 100vw, 1024px\" \/><\/figure>\n\n\n\n<div style=\"height:123px\" aria-hidden=\"true\" class=\"wp-block-spacer\"><\/div>","protected":false},"excerpt":{"rendered":"<p>Po\u00b7tw\u00f3r: Dyplom Licencjacki Projekt powsta\u0142 w ramach dyplomu na Akademii Sztuk Pi\u0119knych w Warszawie, 2021 po\u00b7tw\u00f3r Dyplom Licencjacki 2021 Akademia Sztuk Pieknych w Warszawie Wydzia\u0142 Sztuki Medi\u00f3w Pracownia Koncepcji Obrazu Prowadz\u0105cy: dr.Hab. Pawe\u0142 Susid, mgr. Irmina Sta\u015b \u201epo\u00b7tw\u00f3r\u201d to cykl wielkoformatowych obiekt\u00f3w malarskich, kt\u00f3re stworzy\u0142am jako prac\u0119 dyplomow\u0105 na Akademii Sztuk Pi\u0119knych w Warszawie w [&hellip;]<\/p>\n","protected":false},"author":1,"featured_media":0,"parent":0,"menu_order":0,"comment_status":"closed","ping_status":"closed","template":"","meta":{"footnotes":""},"class_list":["post-1773","page","type-page","status-publish","hentry"],"_links":{"self":[{"href":"https:\/\/kadidiaba.com\/en\/wp-json\/wp\/v2\/pages\/1773","targetHints":{"allow":["GET"]}}],"collection":[{"href":"https:\/\/kadidiaba.com\/en\/wp-json\/wp\/v2\/pages"}],"about":[{"href":"https:\/\/kadidiaba.com\/en\/wp-json\/wp\/v2\/types\/page"}],"author":[{"embeddable":true,"href":"https:\/\/kadidiaba.com\/en\/wp-json\/wp\/v2\/users\/1"}],"replies":[{"embeddable":true,"href":"https:\/\/kadidiaba.com\/en\/wp-json\/wp\/v2\/comments?post=1773"}],"version-history":[{"count":19,"href":"https:\/\/kadidiaba.com\/en\/wp-json\/wp\/v2\/pages\/1773\/revisions"}],"predecessor-version":[{"id":2078,"href":"https:\/\/kadidiaba.com\/en\/wp-json\/wp\/v2\/pages\/1773\/revisions\/2078"}],"wp:attachment":[{"href":"https:\/\/kadidiaba.com\/en\/wp-json\/wp\/v2\/media?parent=1773"}],"curies":[{"name":"wp","href":"https:\/\/api.w.org\/{rel}","templated":true}]}}