{"id":1770,"date":"2025-06-26T00:57:01","date_gmt":"2025-06-25T22:57:01","guid":{"rendered":"https:\/\/kadidiaba.com\/?page_id=1770"},"modified":"2026-04-13T16:53:19","modified_gmt":"2026-04-13T14:53:19","slug":"projekt3","status":"publish","type":"page","link":"https:\/\/kadidiaba.com\/pl\/projekt3\/","title":{"rendered":"Kobiety wsp\u00f3\u0142czesno\u015bci: Cykl Malarski"},"content":{"rendered":"<h2 class=\"wp-block-post-title\">Kobiety wsp\u00f3\u0142czesno\u015bci: Cykl Malarski<\/h2>\n\n\n<p class=\"has-small-font-size\" style=\"text-transform:uppercase\"><strong>Cykl Malarski 2024-2025<\/strong><\/p>\n\n\n\n<p class=\"has-small-font-size\">\u201eKobiety wsp\u00f3\u0142czesno\u015bci\u201d to cykl malarski w kt\u00f3rym przygl\u0105dam si\u0119 kobiecej obecno\u015bci i widzialno\u015bci we wsp\u00f3\u0142czesnym \u015bwiecie \u2013 zar\u00f3wno w wymiarze jednostkowym, jak i spo\u0142ecznym. Prace stanowi\u0105 pr\u00f3b\u0119 uchwycenia napi\u0119cia mi\u0119dzy do\u015bwiadczeniem osobistym a zbiorow\u0105 narracj\u0105 o kobieco\u015bci. Technicznie projekt \u0142\u0105czy malarstwo akrylowe i olejne z tekstyliami.<\/p>\n\n\n\n<p class=\"has-small-font-size\">Jednym z element\u00f3w cyklu jest praca wideo <strong>\u201eDesal\u201d<\/strong>, zrealizowana podczas pobytu rodzinnego w Mauretanii. Punktem wyj\u015bcia sta\u0142y si\u0119 tradycyjne pie\u015bni kobiet towarzysz\u0105ce rytua\u0142om weselnym. Materia\u0142 filmowy skupia si\u0119 na ciele, g\u0142osie i obecno\u015bci \u2013 na tym, co nieopowiedziane, ale g\u0142\u0119boko zapisane w gestach i d\u017awi\u0119kach. \u201eDesal\u201d nie rekonstruuje wydarzenia, lecz bada jego emocjonalne warstwy: napi\u0119cie mi\u0119dzy rado\u015bci\u0105 a opresj\u0105, mi\u0119dzy wsp\u00f3lnot\u0105 a indywidualnym prze\u017cyciem. To intymna medytacja o kobieco\u015bci \u2013 tej, kt\u00f3ra ta\u0144czy, wspiera, \u015bpiewa i pami\u0119ta.<\/p>\n\n\n\n<figure class=\"wp-block-embed is-type-video is-provider-youtube wp-block-embed-youtube wp-embed-aspect-16-9 wp-has-aspect-ratio\"><div class=\"wp-block-embed__wrapper\">\n<iframe loading=\"lazy\" title=\"DESAL\" width=\"500\" height=\"281\" src=\"https:\/\/www.youtube.com\/embed\/3fTa_koa4JE?feature=oembed\" frameborder=\"0\" allow=\"accelerometer; autoplay; clipboard-write; encrypted-media; gyroscope; picture-in-picture; web-share\" referrerpolicy=\"strict-origin-when-cross-origin\" allowfullscreen><\/iframe>\n<\/div><figcaption class=\"wp-element-caption\"><em><em>\u201cDESAL\u201d &#8211; 2024, wideo, 5m15s.<\/em><\/em><\/figcaption><\/figure>\n\n\n\n<figure class=\"wp-block-image size-large is-resized\"><img loading=\"lazy\" decoding=\"async\" width=\"633\" height=\"1024\" src=\"https:\/\/kadidiaba.com\/wp-content\/uploads\/2025\/07\/Screenshot-2025-07-07-144852-633x1024.png\" alt=\"\u201cTrzy siostry\u201d -  2024, instalacja malarska, 200x150 cm.\" class=\"wp-image-1886\" style=\"width:395px;height:auto\" title=\"\u201cTrzy siostry\u201d -  2024, instalacja malarska, 200x150 cm.\" srcset=\"https:\/\/kadidiaba.com\/wp-content\/uploads\/2025\/07\/Screenshot-2025-07-07-144852-633x1024.png 633w, https:\/\/kadidiaba.com\/wp-content\/uploads\/2025\/07\/Screenshot-2025-07-07-144852-186x300.png 186w, https:\/\/kadidiaba.com\/wp-content\/uploads\/2025\/07\/Screenshot-2025-07-07-144852.png 674w\" sizes=\"auto, (max-width: 633px) 100vw, 633px\" \/><figcaption class=\"wp-element-caption\"><em>\u201cTrzy siostry\u201d &#8211; 2024, malarstwo na tkaninie, 200&#215;150 cm.<\/em><\/figcaption><\/figure>\n\n\n\n<p class=\"has-small-font-size\"><\/p>\n\n\n\n<p style=\"font-size:clamp(14px, 0.875rem + ((1vw - 3.2px) * 0.588), 20px);\"><em>Prace owstaj\u0105 z my\u015bl\u0105 o konkretnym zjawisku. Wp\u0142ywa ono na napi\u0119cia i na spos\u00f3b odbioru. Obraz zaczyna m\u00f3wi\u0107 a co\u015b, co wydaje si\u0119 t\u0142em, nagle staje si\u0119 cz\u0119\u015bci\u0105 kompozycji. Jest to spos\u00f3b, \u017ceby testowa\u0107 relacje mi\u0119dzy form\u0105 a do\u015bwiadczeniem.<\/em><\/p>\n\n\n\n<figure class=\"wp-block-image size-full is-resized\"><img loading=\"lazy\" decoding=\"async\" width=\"748\" height=\"860\" src=\"https:\/\/kadidiaba.com\/wp-content\/uploads\/2025\/07\/Screenshot-2025-07-07-144946.png\" alt=\"\" class=\"wp-image-1887\" style=\"width:406px;height:auto\" srcset=\"https:\/\/kadidiaba.com\/wp-content\/uploads\/2025\/07\/Screenshot-2025-07-07-144946.png 748w, https:\/\/kadidiaba.com\/wp-content\/uploads\/2025\/07\/Screenshot-2025-07-07-144946-261x300.png 261w\" sizes=\"auto, (max-width: 748px) 100vw, 748px\" \/><figcaption class=\"wp-element-caption\"><em><em>\u201cShe made me\u201d &#8211; 2024, <em>malarstwo na tkaninie,<\/em>, 200&#215;150 cm.<\/em><\/em><\/figcaption><\/figure>\n\n\n\n<p class=\"has-small-font-size\"><\/p>\n\n\n\n<p class=\"has-small-font-size\">Praca tematycznie skupia si\u0119 na z\u0142o\u017cono\u015bci kobiecej to\u017csamo\u015bci \u2013 tego, co wewn\u0119trzne, dziedziczone, nieoczywiste. Interesuje mnie cia\u0142o jako pami\u0119\u0107. Rola jako co\u015b, co si\u0119 przykleja. Intymno\u015b\u0107, kt\u00f3ra czasem boli. I ta ca\u0142a warstwa spo\u0142ecznych oczekiwa\u0144, kt\u00f3re gdzie\u015b wchodz\u0105 pod sk\u00f3r\u0119. Nie opowiadam wprost \u2013 buduj\u0119 przestrzenie znacze\u0144. Przez symbol, przez faktur\u0119, przez obecno\u015b\u0107 materia\u0142u w przestrzeni.<\/p>\n\n\n\n<figure class=\"wp-block-image size-full is-resized\"><img loading=\"lazy\" decoding=\"async\" width=\"662\" height=\"856\" src=\"https:\/\/kadidiaba.com\/wp-content\/uploads\/2025\/07\/Screenshot-2025-07-07-145006.png\" alt=\"\" class=\"wp-image-1885\" style=\"width:366px;height:auto\" srcset=\"https:\/\/kadidiaba.com\/wp-content\/uploads\/2025\/07\/Screenshot-2025-07-07-145006.png 662w, https:\/\/kadidiaba.com\/wp-content\/uploads\/2025\/07\/Screenshot-2025-07-07-145006-232x300.png 232w\" sizes=\"auto, (max-width: 662px) 100vw, 662px\" \/><figcaption class=\"wp-element-caption\"><em><em><em>\u201cTrzy siostry\u201d &#8211; 2024, <em>malarstwo na tkaninie,<\/em>, 100&#215;70 cm.<\/em><\/em><\/em><\/figcaption><\/figure>\n\n\n\n<p class=\"has-small-font-size\"><\/p>\n\n\n\n<p class=\"has-small-font-size\">Ten cykl to dla mnie wa\u017cny etap. Rozwijam tu sw\u00f3j j\u0119zyk \u2013 gdzie\u015b pomi\u0119dzy malarstwem a tekstyliami. \u0141\u0105cz\u0119 estetyk\u0119 z zaanga\u017cowaniem \u2013 chc\u0119, \u017ceby prace by\u0142y szczere, ale te\u017c dobrze skonstruowane. To jest moment, w kt\u00f3rym testuj\u0119 siebie jako artystk\u0119. Szukam w\u0142asnych struktur narracyjnych. Szukam obrazu, kt\u00f3ry co\u015b otwiera \u2013 a nie tylko zamyka w znaczeniu.<\/p>\n\n\n\n<figure class=\"wp-block-image size-large is-resized\"><img loading=\"lazy\" decoding=\"async\" width=\"805\" height=\"1024\" src=\"https:\/\/kadidiaba.com\/wp-content\/uploads\/2025\/07\/Screenshot-2025-07-07-145238-805x1024.png\" alt=\"\" class=\"wp-image-1888\" style=\"width:347px;height:auto\" srcset=\"https:\/\/kadidiaba.com\/wp-content\/uploads\/2025\/07\/Screenshot-2025-07-07-145238-805x1024.png 805w, https:\/\/kadidiaba.com\/wp-content\/uploads\/2025\/07\/Screenshot-2025-07-07-145238-236x300.png 236w, https:\/\/kadidiaba.com\/wp-content\/uploads\/2025\/07\/Screenshot-2025-07-07-145238-768x977.png 768w, https:\/\/kadidiaba.com\/wp-content\/uploads\/2025\/07\/Screenshot-2025-07-07-145238.png 898w\" sizes=\"auto, (max-width: 805px) 100vw, 805px\" \/><figcaption class=\"wp-element-caption\"><em><em><em><em>\u201cS\u0142abo\u015b\u0107\u201d &#8211; 2024, <em>malarstwo na tkaninie<\/em>, 200&#215;150 cm.<\/em><\/em><\/em><\/em><\/figcaption><\/figure>\n\n\n\n<p class=\"has-small-font-size\"><\/p>\n\n\n\n<figure class=\"wp-block-gallery alignwide has-nested-images columns-default is-cropped wp-block-gallery-1 is-layout-flex wp-block-gallery-is-layout-flex\">\n<figure class=\"wp-block-image size-large\"><img loading=\"lazy\" decoding=\"async\" width=\"1024\" height=\"994\" data-id=\"1891\" src=\"https:\/\/kadidiaba.com\/wp-content\/uploads\/2025\/07\/Screenshot-2025-07-07-145255-1024x994.png\" alt=\"\" class=\"wp-image-1891\" srcset=\"https:\/\/kadidiaba.com\/wp-content\/uploads\/2025\/07\/Screenshot-2025-07-07-145255-1024x994.png 1024w, https:\/\/kadidiaba.com\/wp-content\/uploads\/2025\/07\/Screenshot-2025-07-07-145255-300x291.png 300w, https:\/\/kadidiaba.com\/wp-content\/uploads\/2025\/07\/Screenshot-2025-07-07-145255-768x745.png 768w, https:\/\/kadidiaba.com\/wp-content\/uploads\/2025\/07\/Screenshot-2025-07-07-145255.png 1078w\" sizes=\"auto, (max-width: 1024px) 100vw, 1024px\" \/><\/figure>\n\n\n\n<figure class=\"wp-block-image size-large\"><img loading=\"lazy\" decoding=\"async\" width=\"670\" height=\"1006\" data-id=\"1890\" src=\"https:\/\/kadidiaba.com\/wp-content\/uploads\/2025\/07\/Screenshot-2025-07-07-145323.png\" alt=\"\" class=\"wp-image-1890\" srcset=\"https:\/\/kadidiaba.com\/wp-content\/uploads\/2025\/07\/Screenshot-2025-07-07-145323.png 670w, https:\/\/kadidiaba.com\/wp-content\/uploads\/2025\/07\/Screenshot-2025-07-07-145323-200x300.png 200w\" sizes=\"auto, (max-width: 670px) 100vw, 670px\" \/><\/figure>\n\n\n\n<figure class=\"wp-block-image size-large\"><img loading=\"lazy\" decoding=\"async\" width=\"904\" height=\"1020\" data-id=\"1889\" src=\"https:\/\/kadidiaba.com\/wp-content\/uploads\/2025\/07\/Screenshot-2025-07-07-145345.png\" alt=\"\" class=\"wp-image-1889\" srcset=\"https:\/\/kadidiaba.com\/wp-content\/uploads\/2025\/07\/Screenshot-2025-07-07-145345.png 904w, https:\/\/kadidiaba.com\/wp-content\/uploads\/2025\/07\/Screenshot-2025-07-07-145345-266x300.png 266w, https:\/\/kadidiaba.com\/wp-content\/uploads\/2025\/07\/Screenshot-2025-07-07-145345-768x867.png 768w\" sizes=\"auto, (max-width: 904px) 100vw, 904px\" \/><\/figure>\n<\/figure>\n\n\n\n<p><\/p>\n\n\n\n<p><\/p>\n\n\n\n<p class=\"has-small-font-size\"><br><\/p>\n","protected":false},"excerpt":{"rendered":"<p>Cykl Malarski 2024-2025 \u201eKobiety wsp\u00f3\u0142czesno\u015bci\u201d to cykl malarski w kt\u00f3rym przygl\u0105dam si\u0119 kobiecej obecno\u015bci i widzialno\u015bci we wsp\u00f3\u0142czesnym \u015bwiecie \u2013 zar\u00f3wno w wymiarze jednostkowym, jak i spo\u0142ecznym. Prace stanowi\u0105 pr\u00f3b\u0119 uchwycenia napi\u0119cia mi\u0119dzy do\u015bwiadczeniem osobistym a zbiorow\u0105 narracj\u0105 o kobieco\u015bci. Technicznie projekt \u0142\u0105czy malarstwo akrylowe i olejne z tekstyliami. Jednym z element\u00f3w cyklu jest praca [&hellip;]<\/p>\n","protected":false},"author":1,"featured_media":0,"parent":0,"menu_order":0,"comment_status":"closed","ping_status":"closed","template":"","meta":{"footnotes":""},"class_list":["post-1770","page","type-page","status-publish","hentry"],"_links":{"self":[{"href":"https:\/\/kadidiaba.com\/pl\/wp-json\/wp\/v2\/pages\/1770","targetHints":{"allow":["GET"]}}],"collection":[{"href":"https:\/\/kadidiaba.com\/pl\/wp-json\/wp\/v2\/pages"}],"about":[{"href":"https:\/\/kadidiaba.com\/pl\/wp-json\/wp\/v2\/types\/page"}],"author":[{"embeddable":true,"href":"https:\/\/kadidiaba.com\/pl\/wp-json\/wp\/v2\/users\/1"}],"replies":[{"embeddable":true,"href":"https:\/\/kadidiaba.com\/pl\/wp-json\/wp\/v2\/comments?post=1770"}],"version-history":[{"count":15,"href":"https:\/\/kadidiaba.com\/pl\/wp-json\/wp\/v2\/pages\/1770\/revisions"}],"predecessor-version":[{"id":2044,"href":"https:\/\/kadidiaba.com\/pl\/wp-json\/wp\/v2\/pages\/1770\/revisions\/2044"}],"wp:attachment":[{"href":"https:\/\/kadidiaba.com\/pl\/wp-json\/wp\/v2\/media?parent=1770"}],"curies":[{"name":"wp","href":"https:\/\/api.w.org\/{rel}","templated":true}]}}