{"id":1773,"date":"2025-06-26T00:58:25","date_gmt":"2025-06-25T22:58:25","guid":{"rendered":"https:\/\/kadidiaba.com\/?page_id=1773"},"modified":"2026-04-14T20:04:25","modified_gmt":"2026-04-14T18:04:25","slug":"po-twor-dyplom-licencjacki","status":"publish","type":"page","link":"https:\/\/kadidiaba.com\/pl\/po-twor-dyplom-licencjacki\/","title":{"rendered":"Po-tw\u00f3r: Dyplom Licencjacki"},"content":{"rendered":"\n<h2 class=\"wp-block-heading\">Po<strong>\u00b7<\/strong>tw\u00f3r: Dyplom Licencjacki<\/h2>\n\n\n\n<p style=\"font-size:clamp(0.875rem, 0.875rem + ((1vw - 0.2rem) * 0.118), 0.95rem);font-style:normal;font-weight:500;letter-spacing:0.5px;text-transform:uppercase\">Projekt powsta\u0142 w ramach dyplomu na Akademii Sztuk Pi\u0119knych w Warszawie, 2021<\/p>\n\n\n\n<blockquote class=\"wp-block-quote is-layout-flow wp-container-core-quote-is-layout-22223934 wp-block-quote-is-layout-flow\">\n<p style=\"font-size:clamp(24.034px, 1.502rem + ((1vw - 3.2px) * 1.565), 40px);\"><strong>po\u00b7tw\u00f3r<\/strong> <\/p>\n\n\n\n<p style=\"font-size:clamp(0.875rem, 0.875rem + ((1vw - 0.2rem) * 0.118), 0.95rem);\">Dyplom Licencjacki 2021<\/p>\n\n\n\n<p style=\"font-size:clamp(0.875rem, 0.875rem + ((1vw - 0.2rem) * 0.118), 0.95rem);\">Akademia Sztuk Pieknych w Warszawie<\/p>\n\n\n\n<p style=\"font-size:clamp(0.875rem, 0.875rem + ((1vw - 0.2rem) * 0.118), 0.95rem);\">Wydzia\u0142 Sztuki Medi\u00f3w<\/p>\n\n\n\n<p style=\"font-size:clamp(0.875rem, 0.875rem + ((1vw - 0.2rem) * 0.118), 0.95rem);\">Pracownia Koncepcji Obrazu<\/p>\n\n\n\n<p style=\"font-size:clamp(0.875rem, 0.875rem + ((1vw - 0.2rem) * 0.118), 0.95rem);\">Prowadz\u0105cy: dr.Hab. Pawe\u0142 Susid, mgr. Irmina Sta\u015b<\/p>\n<\/blockquote>\n\n\n\n<figure class=\"wp-block-video\"><video height=\"720\" style=\"aspect-ratio: 1280 \/ 720;\" width=\"1280\" autoplay controls loop muted src=\"https:\/\/kadidiaba.com\/wp-content\/uploads\/2026\/04\/Kadidia-Ba-_-Praca-Dyplomowa-ASP-2021-Warszawa.mp4\" playsinline><\/video><figcaption class=\"wp-element-caption\"><strong>WYSTAWA PRAC DYPLOMOWYCH<\/strong> &#8211; VIDEO<\/figcaption><\/figure>\n\n\n\n<div style=\"height:10px\" aria-hidden=\"true\" class=\"wp-block-spacer\"><\/div>\n\n\n\n<p style=\"font-size:clamp(0.875rem, 0.875rem + ((1vw - 0.2rem) * 0.118), 0.95rem);\"><strong>\u201epo\u00b7tw\u00f3r\u201d<\/strong> to cykl wielkoformatowych obiekt\u00f3w malarskich, kt\u00f3re stworzy\u0142am jako prac\u0119 dyplomow\u0105 na Akademii Sztuk Pi\u0119knych w Warszawie w 2021 roku. Dzie\u0142a koncentruj\u0105 si\u0119 wok\u00f3\u0142 tematu granicy pomi\u0119dzy tym, co ludzkie, a tym, co zwierz\u0119ce. Wykorzystuj\u0119 materia\u0142y u\u017cytkowe \u2013 tkaniny przeznaczone do produkcji odzie\u017cy, po\u015bcieli i koc\u00f3w \u2013 aby nada\u0107 pracom charakter sk\u00f3ry, mo\u017cliwej do okrycia cia\u0142a. Tkaniny te impregnowa\u0142am, usztywnia\u0142am, a nast\u0119pnie pokrywa\u0142am malarskimi \u015brodkami wyrazu \u2013 wzorami, kolorami, symbolami \u2013 tworz\u0105c hybrydowe formy o wymiarach zbli\u017conych do ludzkiego cia\u0142a.<\/p>\n\n\n\n<p class=\"is-style-default\" style=\"font-size:clamp(0.875rem, 0.875rem + ((1vw - 0.2rem) * 0.118), 0.95rem);\">Film dokumentuje wystaw\u0119 dyplomow\u0105 zrealizowan\u0105 w prywatnym mieszkaniu, kt\u00f3re na czas prezentacji zosta\u0142o przekszta\u0142cone w przestrze\u0144 ekspozycyjn\u0105. Domowy charakter miejsca podkre\u015bla intymny i introspektywny wymiar projektu, a wyb\u00f3r takiej formy prezentacji staje si\u0119 symbolicznym gestem \u2013 otwarciem prywatnej, cielesnej i psychicznej przestrzeni na spojrzenie z zewn\u0105trz. Film nie tylko rejestruje obiekty, ale r\u00f3wnie\u017c oddaje atmosfer\u0119 ich powstawania i obecno\u015bci w codziennym otoczeniu, uwypuklaj\u0105c fizyczno\u015b\u0107 prac i ich osobisty charakter.<\/p>\n\n\n\n<div style=\"height:7px\" aria-hidden=\"true\" class=\"wp-block-spacer\"><\/div>\n\n\n\n<figure class=\"wp-block-video\"><video height=\"1080\" style=\"aspect-ratio: 1920 \/ 1080;\" width=\"1920\" autoplay controls loop muted src=\"https:\/\/kadidiaba.com\/wp-content\/uploads\/2025\/07\/prezentacja_biale_tlo.mp4\" playsinline><\/video><\/figure>\n\n\n\n<div style=\"height:10px\" aria-hidden=\"true\" class=\"wp-block-spacer\"><\/div>\n\n\n\n<p style=\"font-size:clamp(0.875rem, 0.875rem + ((1vw - 0.2rem) * 0.118), 0.95rem);\">Punktem wyj\u015bcia dla tej pracy by\u0142a moja refleksja nad cz\u0142owiekiem jako istot\u0105 oddzielon\u0105 od \u015bwiata zwierz\u0105t za pomoc\u0105 warstw kulturowych, spo\u0142ecznych i religijnych \u2013 kt\u00f3re nazwa\u0142am \u201epow\u0142okami\u201d. Moje obrazy ukazuj\u0105 proces ich zdzierania: brutalny gest zerwania sk\u00f3ry staje si\u0119 symbolem penetracji w g\u0142\u0105b istoty ludzkiej, docierania do pierwotnych emocji i cech. Pokazuj\u0119 moment graniczny \u2013 przekroczenie mi\u0119dzy cz\u0142owiekiem a zwierz\u0119ciem, kt\u00f3ry ods\u0142ania instynkty, agresj\u0119 i brutalno\u015b\u0107 jako integraln\u0105 cz\u0119\u015b\u0107 naszej natury.<\/p>\n\n\n\n<div style=\"height:13px\" aria-hidden=\"true\" class=\"wp-block-spacer\"><\/div>\n\n\n\n<figure class=\"wp-block-image aligncenter size-large is-resized\"><img loading=\"lazy\" decoding=\"async\" width=\"1024\" height=\"724\" src=\"https:\/\/kadidiaba.com\/wp-content\/uploads\/2026\/04\/1-1024x724.jpg\" alt=\"\" class=\"wp-image-2070\" style=\"aspect-ratio:1.4143795295779806;width:607px;height:auto\" srcset=\"https:\/\/kadidiaba.com\/wp-content\/uploads\/2026\/04\/1-1024x724.jpg 1024w, https:\/\/kadidiaba.com\/wp-content\/uploads\/2026\/04\/1-300x212.jpg 300w, https:\/\/kadidiaba.com\/wp-content\/uploads\/2026\/04\/1-768x543.jpg 768w, https:\/\/kadidiaba.com\/wp-content\/uploads\/2026\/04\/1-1536x1086.jpg 1536w, https:\/\/kadidiaba.com\/wp-content\/uploads\/2026\/04\/1-18x12.jpg 18w, https:\/\/kadidiaba.com\/wp-content\/uploads\/2026\/04\/1.jpg 2000w\" sizes=\"auto, (max-width: 1024px) 100vw, 1024px\" \/><\/figure>\n\n\n\n<div style=\"height:14px\" aria-hidden=\"true\" class=\"wp-block-spacer\"><\/div>\n\n\n\n<p style=\"font-size:clamp(0.875rem, 0.875rem + ((1vw - 0.2rem) * 0.118), 0.95rem);\">Ten cykl jest mocno zakorzeniony w do\u015bwiadczeniu autorefleksji i procesu samopoznania. Pracuj\u0105c nad nim, przywo\u0142ywa\u0142am stan izolacji, w kt\u00f3rym jedynym bod\u017acem poznawczym staje si\u0119 w\u0142asne wn\u0119trze. Proces tw\u00f3rczy by\u0142 dla mnie r\u00f3wnoleg\u0142y do psychicznej wiwisekcji \u2013 ods\u0142aniania trudnych emocji, wewn\u0119trznych konflikt\u00f3w i dra\u017cliwych obszar\u00f3w psychiki. Malarskie sk\u00f3ry przekszta\u0142ca\u0142y si\u0119 w potwory \u2013 uciele\u015bnienia niepokoj\u0105cych prawd o mnie samej. Brutalno\u015b\u0107 sta\u0142a si\u0119 nie tylko tematem, lecz tak\u017ce metod\u0105 analizy.<\/p>\n\n\n\n<p style=\"font-size:clamp(14px, 0.875rem + ((1vw - 3.2px) * 0.49), 19px);\"><em>Motyw sk\u00f3ry jest dla mnie centralnym znakiem malarskim \u2013 zar\u00f3wno jako forma wizualna, jak i metafora. W pierwszych pracach cyklu dominuj\u0105 kszta\u0142ty przypominaj\u0105ce zdejmowane z cia\u0142a pow\u0142oki, w kolejnych pojawiaj\u0105 si\u0119 formy zwierz\u0119ce, monstrualne, hybrydyczne. Tytu\u0142owy \u201epo\u00b7tw\u00f3r\u201d to efekt symbolicznego procesu \u2013 tw\u00f3r powsta\u0142y z po\u0142\u0105czenia cz\u0142owieka i zwierz\u0119cia, b\u0119d\u0105cy obrazem tego, co ukryte pod kulturow\u0105 mask\u0105 cywilizacji. Kszta\u0142ty przyjmuj\u0105 otwarte paszcze, z\u0119by, napi\u0119te mi\u0119\u015bnie \u2013 symbole b\u00f3lu, dziko\u015bci.<\/em><\/p>\n\n\n\n<div style=\"height:9px\" aria-hidden=\"true\" class=\"wp-block-spacer\"><\/div>\n\n\n\n<figure class=\"wp-block-image aligncenter size-large is-resized\"><img loading=\"lazy\" decoding=\"async\" width=\"1024\" height=\"724\" src=\"https:\/\/kadidiaba.com\/wp-content\/uploads\/2026\/04\/2-1024x724.jpg\" alt=\"\" class=\"wp-image-2071\" style=\"aspect-ratio:1.4143795295779806;width:617px;height:auto\" srcset=\"https:\/\/kadidiaba.com\/wp-content\/uploads\/2026\/04\/2-1024x724.jpg 1024w, https:\/\/kadidiaba.com\/wp-content\/uploads\/2026\/04\/2-300x212.jpg 300w, https:\/\/kadidiaba.com\/wp-content\/uploads\/2026\/04\/2-768x543.jpg 768w, https:\/\/kadidiaba.com\/wp-content\/uploads\/2026\/04\/2-1536x1086.jpg 1536w, https:\/\/kadidiaba.com\/wp-content\/uploads\/2026\/04\/2-18x12.jpg 18w, https:\/\/kadidiaba.com\/wp-content\/uploads\/2026\/04\/2.jpg 2000w\" sizes=\"auto, (max-width: 1024px) 100vw, 1024px\" \/><\/figure>\n\n\n\n<div style=\"height:14px\" aria-hidden=\"true\" class=\"wp-block-spacer\"><\/div>\n\n\n\n<p style=\"font-size:clamp(0.875rem, 0.875rem + ((1vw - 0.2rem) * 0.118), 0.95rem);\">Sk\u00f3r\u0119 kreuje na podobie\u0144stwo cz\u0142owieka. Pokrywam j\u0105 wzorami, kszta\u0142tami i kolorami odpowiadaj\u0105cymi wykreowanemu przez ludzko\u015b\u0107 spo\u0142ecze\u0144stwu. Pr\u00f3buj\u0119 stworzy\u0107 imitacj\u0119 tego, co produkuje ludzko\u015b\u0107, pos\u0142uguj\u0105c si\u0119 medium malarskim, rysunkowym i graficznym. \u0141\u0105cz\u0105c tkaniny, media plastyczne i symbole na kszta\u0142cie sk\u00f3ry zwierz\u0119cia chc\u0119 uzyska\u0107 wizualno\u015b\u0107, kt\u00f3r\u0105 okre\u015bla si\u0119 jako ludzk\u0105. Tematy wzor\u00f3w\/przedstawie\u0144 na pracach s\u0105 abstrakcyjnym opracowaniem tego, co cechuje ludzko\u015b\u0107 pod wzgl\u0119dem wizualnym, czyli to, czego nie jest w stanie wykreowa\u0107 \u015bwiat zwierz\u0105t (np. pismo, fioletowa sier\u015b\u0107). Sk\u00f3ra jest ludzka, wizualnie jej zawarto\u015b\u0107 nie przypomina \u017cadnego zwierz\u0119cia, jej obrys jest kszta\u0142tem bestii, &#8222;cz\u0142owieka-zwierz\u0119cia&#8221;, z kt\u00f3rego zosta\u0142a zerwana.<\/p>\n\n\n\n<div style=\"height:8px\" aria-hidden=\"true\" class=\"wp-block-spacer\"><\/div>\n\n\n\n<p style=\"font-size:clamp(0.875rem, 0.875rem + ((1vw - 0.2rem) * 0.118), 0.95rem);font-style:normal;font-weight:500;letter-spacing:0.5px;text-transform:uppercase\">Przegl\u0105d prac:<\/p>\n\n\n\n<div style=\"height:52px\" aria-hidden=\"true\" class=\"wp-block-spacer\"><\/div>\n\n\n\n<figure class=\"wp-block-image aligncenter size-large is-resized\"><img loading=\"lazy\" decoding=\"async\" width=\"931\" height=\"1024\" src=\"https:\/\/kadidiaba.com\/wp-content\/uploads\/2025\/07\/Prezentacja_dyplom_2021_wszystkie_prace-9-edited-e1776189826164-931x1024.jpg\" alt=\"\" class=\"wp-image-1903\" style=\"aspect-ratio:0.9091811163995358;width:615px;height:auto\" srcset=\"https:\/\/kadidiaba.com\/wp-content\/uploads\/2025\/07\/Prezentacja_dyplom_2021_wszystkie_prace-9-edited-e1776189826164-931x1024.jpg 931w, https:\/\/kadidiaba.com\/wp-content\/uploads\/2025\/07\/Prezentacja_dyplom_2021_wszystkie_prace-9-edited-e1776189826164-273x300.jpg 273w, https:\/\/kadidiaba.com\/wp-content\/uploads\/2025\/07\/Prezentacja_dyplom_2021_wszystkie_prace-9-edited-e1776189826164-768x845.jpg 768w, https:\/\/kadidiaba.com\/wp-content\/uploads\/2025\/07\/Prezentacja_dyplom_2021_wszystkie_prace-9-edited-e1776189826164-1396x1536.jpg 1396w, https:\/\/kadidiaba.com\/wp-content\/uploads\/2025\/07\/Prezentacja_dyplom_2021_wszystkie_prace-9-edited-e1776189826164-11x12.jpg 11w, https:\/\/kadidiaba.com\/wp-content\/uploads\/2025\/07\/Prezentacja_dyplom_2021_wszystkie_prace-9-edited-e1776189826164.jpg 1533w\" sizes=\"auto, (max-width: 931px) 100vw, 931px\" \/><\/figure>\n\n\n\n<div style=\"height:58px\" aria-hidden=\"true\" class=\"wp-block-spacer\"><\/div>\n\n\n\n<figure class=\"wp-block-image aligncenter size-large is-resized\"><img loading=\"lazy\" decoding=\"async\" width=\"1024\" height=\"1024\" src=\"https:\/\/kadidiaba.com\/wp-content\/uploads\/2025\/07\/Prezentacja_dyplom_2021_wszystkie_prace-10-edited-1024x1024.jpg\" alt=\"\" class=\"wp-image-1904\" style=\"width:610px;height:auto\" srcset=\"https:\/\/kadidiaba.com\/wp-content\/uploads\/2025\/07\/Prezentacja_dyplom_2021_wszystkie_prace-10-edited-1024x1024.jpg 1024w, https:\/\/kadidiaba.com\/wp-content\/uploads\/2025\/07\/Prezentacja_dyplom_2021_wszystkie_prace-10-edited-300x300.jpg 300w, https:\/\/kadidiaba.com\/wp-content\/uploads\/2025\/07\/Prezentacja_dyplom_2021_wszystkie_prace-10-edited-150x150.jpg 150w, https:\/\/kadidiaba.com\/wp-content\/uploads\/2025\/07\/Prezentacja_dyplom_2021_wszystkie_prace-10-edited-768x768.jpg 768w, https:\/\/kadidiaba.com\/wp-content\/uploads\/2025\/07\/Prezentacja_dyplom_2021_wszystkie_prace-10-edited-1536x1536.jpg 1536w, https:\/\/kadidiaba.com\/wp-content\/uploads\/2025\/07\/Prezentacja_dyplom_2021_wszystkie_prace-10-edited.jpg 1688w\" sizes=\"auto, (max-width: 1024px) 100vw, 1024px\" \/><\/figure>\n\n\n\n<div style=\"height:36px\" aria-hidden=\"true\" class=\"wp-block-spacer\"><\/div>\n\n\n\n<figure class=\"wp-block-image aligncenter size-large is-resized\"><img loading=\"lazy\" decoding=\"async\" width=\"1024\" height=\"969\" src=\"https:\/\/kadidiaba.com\/wp-content\/uploads\/2025\/07\/Prezentacja_dyplom_2021_wszystkie_prace-11-1-scaled-e1776089282673-1024x969.jpg\" alt=\"\" class=\"wp-image-1908\" style=\"aspect-ratio:1.0567686443162936;width:595px;height:auto\" srcset=\"https:\/\/kadidiaba.com\/wp-content\/uploads\/2025\/07\/Prezentacja_dyplom_2021_wszystkie_prace-11-1-scaled-e1776089282673-1024x969.jpg 1024w, https:\/\/kadidiaba.com\/wp-content\/uploads\/2025\/07\/Prezentacja_dyplom_2021_wszystkie_prace-11-1-scaled-e1776089282673-300x284.jpg 300w, https:\/\/kadidiaba.com\/wp-content\/uploads\/2025\/07\/Prezentacja_dyplom_2021_wszystkie_prace-11-1-scaled-e1776089282673-768x726.jpg 768w, https:\/\/kadidiaba.com\/wp-content\/uploads\/2025\/07\/Prezentacja_dyplom_2021_wszystkie_prace-11-1-scaled-e1776089282673-13x12.jpg 13w, https:\/\/kadidiaba.com\/wp-content\/uploads\/2025\/07\/Prezentacja_dyplom_2021_wszystkie_prace-11-1-scaled-e1776089282673.jpg 1406w\" sizes=\"auto, (max-width: 1024px) 100vw, 1024px\" \/><\/figure>\n\n\n\n<div style=\"height:23px\" aria-hidden=\"true\" class=\"wp-block-spacer\"><\/div>\n\n\n\n<div style=\"height:61px\" aria-hidden=\"true\" class=\"wp-block-spacer\"><\/div>\n\n\n\n<figure class=\"wp-block-image aligncenter size-large is-resized\"><img loading=\"lazy\" decoding=\"async\" width=\"1024\" height=\"837\" src=\"https:\/\/kadidiaba.com\/wp-content\/uploads\/2025\/07\/Prezentacja_dyplom_2021_wszystkie_prace-14-scaled-e1776089002895-1024x837.jpg\" alt=\"\" class=\"wp-image-1905\" style=\"aspect-ratio:1.2234242709313263;width:551px;height:auto\" srcset=\"https:\/\/kadidiaba.com\/wp-content\/uploads\/2025\/07\/Prezentacja_dyplom_2021_wszystkie_prace-14-scaled-e1776089002895-1024x837.jpg 1024w, https:\/\/kadidiaba.com\/wp-content\/uploads\/2025\/07\/Prezentacja_dyplom_2021_wszystkie_prace-14-scaled-e1776089002895-300x245.jpg 300w, https:\/\/kadidiaba.com\/wp-content\/uploads\/2025\/07\/Prezentacja_dyplom_2021_wszystkie_prace-14-scaled-e1776089002895-768x628.jpg 768w, https:\/\/kadidiaba.com\/wp-content\/uploads\/2025\/07\/Prezentacja_dyplom_2021_wszystkie_prace-14-scaled-e1776089002895-15x12.jpg 15w, https:\/\/kadidiaba.com\/wp-content\/uploads\/2025\/07\/Prezentacja_dyplom_2021_wszystkie_prace-14-scaled-e1776089002895.jpg 1468w\" sizes=\"auto, (max-width: 1024px) 100vw, 1024px\" \/><\/figure>\n\n\n\n<div style=\"height:41px\" aria-hidden=\"true\" class=\"wp-block-spacer\"><\/div>\n\n\n\n<figure class=\"wp-block-image aligncenter size-large is-resized\"><img loading=\"lazy\" decoding=\"async\" width=\"1024\" height=\"988\" src=\"https:\/\/kadidiaba.com\/wp-content\/uploads\/2025\/07\/Prezentacja_dyplom_2021_wszystkie_prace-18-scaled-e1776089124711-1024x988.jpg\" alt=\"\" class=\"wp-image-1906\" style=\"aspect-ratio:1.036440796158674;width:594px;height:auto\" srcset=\"https:\/\/kadidiaba.com\/wp-content\/uploads\/2025\/07\/Prezentacja_dyplom_2021_wszystkie_prace-18-scaled-e1776089124711-1024x988.jpg 1024w, https:\/\/kadidiaba.com\/wp-content\/uploads\/2025\/07\/Prezentacja_dyplom_2021_wszystkie_prace-18-scaled-e1776089124711-300x289.jpg 300w, https:\/\/kadidiaba.com\/wp-content\/uploads\/2025\/07\/Prezentacja_dyplom_2021_wszystkie_prace-18-scaled-e1776089124711-768x741.jpg 768w, https:\/\/kadidiaba.com\/wp-content\/uploads\/2025\/07\/Prezentacja_dyplom_2021_wszystkie_prace-18-scaled-e1776089124711-12x12.jpg 12w, https:\/\/kadidiaba.com\/wp-content\/uploads\/2025\/07\/Prezentacja_dyplom_2021_wszystkie_prace-18-scaled-e1776089124711.jpg 1493w\" sizes=\"auto, (max-width: 1024px) 100vw, 1024px\" \/><\/figure>\n\n\n\n<div style=\"height:109px\" aria-hidden=\"true\" class=\"wp-block-spacer\"><\/div>\n\n\n\n<figure class=\"wp-block-image aligncenter size-large is-resized\"><img loading=\"lazy\" decoding=\"async\" width=\"1024\" height=\"576\" src=\"https:\/\/kadidiaba.com\/wp-content\/uploads\/2025\/07\/Prezentacja_dyplom_2021_wszystkie_prace-24-1024x576.jpg\" alt=\"\" class=\"wp-image-1907\" style=\"aspect-ratio:1.7777929667475478;width:649px;height:auto\" srcset=\"https:\/\/kadidiaba.com\/wp-content\/uploads\/2025\/07\/Prezentacja_dyplom_2021_wszystkie_prace-24-1024x576.jpg 1024w, https:\/\/kadidiaba.com\/wp-content\/uploads\/2025\/07\/Prezentacja_dyplom_2021_wszystkie_prace-24-300x169.jpg 300w, https:\/\/kadidiaba.com\/wp-content\/uploads\/2025\/07\/Prezentacja_dyplom_2021_wszystkie_prace-24-768x432.jpg 768w, https:\/\/kadidiaba.com\/wp-content\/uploads\/2025\/07\/Prezentacja_dyplom_2021_wszystkie_prace-24-1536x864.jpg 1536w, https:\/\/kadidiaba.com\/wp-content\/uploads\/2025\/07\/Prezentacja_dyplom_2021_wszystkie_prace-24-2048x1152.jpg 2048w\" sizes=\"auto, (max-width: 1024px) 100vw, 1024px\" \/><\/figure>\n\n\n\n<div style=\"height:63px\" aria-hidden=\"true\" class=\"wp-block-spacer\"><\/div>\n\n\n\n<div style=\"height:40px\" aria-hidden=\"true\" class=\"wp-block-spacer\"><\/div>\n\n\n\n<figure class=\"wp-block-image aligncenter size-large is-resized\"><img loading=\"lazy\" decoding=\"async\" width=\"1024\" height=\"887\" src=\"https:\/\/kadidiaba.com\/wp-content\/uploads\/2025\/07\/Prezentacja_dyplom_2021_wszystkie_prace-12-scaled-e1776089338590-1024x887.jpg\" alt=\"\" class=\"wp-image-1910\" style=\"aspect-ratio:1.1544607190412783;width:595px;height:auto\" srcset=\"https:\/\/kadidiaba.com\/wp-content\/uploads\/2025\/07\/Prezentacja_dyplom_2021_wszystkie_prace-12-scaled-e1776089338590-1024x887.jpg 1024w, https:\/\/kadidiaba.com\/wp-content\/uploads\/2025\/07\/Prezentacja_dyplom_2021_wszystkie_prace-12-scaled-e1776089338590-300x260.jpg 300w, https:\/\/kadidiaba.com\/wp-content\/uploads\/2025\/07\/Prezentacja_dyplom_2021_wszystkie_prace-12-scaled-e1776089338590-768x666.jpg 768w, https:\/\/kadidiaba.com\/wp-content\/uploads\/2025\/07\/Prezentacja_dyplom_2021_wszystkie_prace-12-scaled-e1776089338590-1536x1331.jpg 1536w, https:\/\/kadidiaba.com\/wp-content\/uploads\/2025\/07\/Prezentacja_dyplom_2021_wszystkie_prace-12-scaled-e1776089338590-14x12.jpg 14w, https:\/\/kadidiaba.com\/wp-content\/uploads\/2025\/07\/Prezentacja_dyplom_2021_wszystkie_prace-12-scaled-e1776089338590.jpg 1590w\" sizes=\"auto, (max-width: 1024px) 100vw, 1024px\" \/><\/figure>\n\n\n\n<div style=\"height:71px\" aria-hidden=\"true\" class=\"wp-block-spacer\"><\/div>\n\n\n\n<div style=\"height:26px\" aria-hidden=\"true\" class=\"wp-block-spacer\"><\/div>\n\n\n\n<figure class=\"wp-block-image size-large\"><img loading=\"lazy\" decoding=\"async\" width=\"1024\" height=\"576\" src=\"https:\/\/kadidiaba.com\/wp-content\/uploads\/2025\/07\/Prezentacja_dyplom_2021_wszystkie_prace-22-1024x576.jpg\" alt=\"\" class=\"wp-image-1909\" srcset=\"https:\/\/kadidiaba.com\/wp-content\/uploads\/2025\/07\/Prezentacja_dyplom_2021_wszystkie_prace-22-1024x576.jpg 1024w, https:\/\/kadidiaba.com\/wp-content\/uploads\/2025\/07\/Prezentacja_dyplom_2021_wszystkie_prace-22-300x169.jpg 300w, https:\/\/kadidiaba.com\/wp-content\/uploads\/2025\/07\/Prezentacja_dyplom_2021_wszystkie_prace-22-768x432.jpg 768w, https:\/\/kadidiaba.com\/wp-content\/uploads\/2025\/07\/Prezentacja_dyplom_2021_wszystkie_prace-22-1536x864.jpg 1536w, https:\/\/kadidiaba.com\/wp-content\/uploads\/2025\/07\/Prezentacja_dyplom_2021_wszystkie_prace-22-2048x1152.jpg 2048w\" sizes=\"auto, (max-width: 1024px) 100vw, 1024px\" \/><\/figure>\n\n\n\n<div style=\"height:11px\" aria-hidden=\"true\" class=\"wp-block-spacer\"><\/div>\n\n\n\n<figure class=\"wp-block-image size-large\"><img loading=\"lazy\" decoding=\"async\" width=\"1024\" height=\"576\" src=\"https:\/\/kadidiaba.com\/wp-content\/uploads\/2025\/07\/Prezentacja_dyplom_2021_wszystkie_prace-25-1024x576.jpg\" alt=\"\" class=\"wp-image-1911\" srcset=\"https:\/\/kadidiaba.com\/wp-content\/uploads\/2025\/07\/Prezentacja_dyplom_2021_wszystkie_prace-25-1024x576.jpg 1024w, https:\/\/kadidiaba.com\/wp-content\/uploads\/2025\/07\/Prezentacja_dyplom_2021_wszystkie_prace-25-300x169.jpg 300w, https:\/\/kadidiaba.com\/wp-content\/uploads\/2025\/07\/Prezentacja_dyplom_2021_wszystkie_prace-25-768x432.jpg 768w, https:\/\/kadidiaba.com\/wp-content\/uploads\/2025\/07\/Prezentacja_dyplom_2021_wszystkie_prace-25-1536x864.jpg 1536w, https:\/\/kadidiaba.com\/wp-content\/uploads\/2025\/07\/Prezentacja_dyplom_2021_wszystkie_prace-25-2048x1152.jpg 2048w\" sizes=\"auto, (max-width: 1024px) 100vw, 1024px\" \/><\/figure>\n\n\n\n<div style=\"height:44px\" aria-hidden=\"true\" class=\"wp-block-spacer\"><\/div>\n\n\n\n<figure class=\"wp-block-image size-large\"><img loading=\"lazy\" decoding=\"async\" width=\"1024\" height=\"576\" src=\"https:\/\/kadidiaba.com\/wp-content\/uploads\/2025\/07\/Prezentacja_dyplom_2021_wszystkie_prace-26-1024x576.jpg\" alt=\"\" class=\"wp-image-1912\" srcset=\"https:\/\/kadidiaba.com\/wp-content\/uploads\/2025\/07\/Prezentacja_dyplom_2021_wszystkie_prace-26-1024x576.jpg 1024w, https:\/\/kadidiaba.com\/wp-content\/uploads\/2025\/07\/Prezentacja_dyplom_2021_wszystkie_prace-26-300x169.jpg 300w, https:\/\/kadidiaba.com\/wp-content\/uploads\/2025\/07\/Prezentacja_dyplom_2021_wszystkie_prace-26-768x432.jpg 768w, https:\/\/kadidiaba.com\/wp-content\/uploads\/2025\/07\/Prezentacja_dyplom_2021_wszystkie_prace-26-1536x864.jpg 1536w, https:\/\/kadidiaba.com\/wp-content\/uploads\/2025\/07\/Prezentacja_dyplom_2021_wszystkie_prace-26-2048x1152.jpg 2048w\" sizes=\"auto, (max-width: 1024px) 100vw, 1024px\" \/><\/figure>\n\n\n\n<div style=\"height:34px\" aria-hidden=\"true\" class=\"wp-block-spacer\"><\/div>\n\n\n\n<figure class=\"wp-block-image aligncenter size-large is-resized\"><img loading=\"lazy\" decoding=\"async\" width=\"1024\" height=\"811\" src=\"https:\/\/kadidiaba.com\/wp-content\/uploads\/2025\/07\/Prezentacja_dyplom_2021_wszystkie_prace-27-scaled-e1776089396592-1024x811.jpg\" alt=\"\" class=\"wp-image-1913\" style=\"aspect-ratio:1.2626520061166533;width:719px;height:auto\" srcset=\"https:\/\/kadidiaba.com\/wp-content\/uploads\/2025\/07\/Prezentacja_dyplom_2021_wszystkie_prace-27-scaled-e1776089396592-1024x811.jpg 1024w, https:\/\/kadidiaba.com\/wp-content\/uploads\/2025\/07\/Prezentacja_dyplom_2021_wszystkie_prace-27-scaled-e1776089396592-300x238.jpg 300w, https:\/\/kadidiaba.com\/wp-content\/uploads\/2025\/07\/Prezentacja_dyplom_2021_wszystkie_prace-27-scaled-e1776089396592-768x608.jpg 768w, https:\/\/kadidiaba.com\/wp-content\/uploads\/2025\/07\/Prezentacja_dyplom_2021_wszystkie_prace-27-scaled-e1776089396592-1536x1217.jpg 1536w, https:\/\/kadidiaba.com\/wp-content\/uploads\/2025\/07\/Prezentacja_dyplom_2021_wszystkie_prace-27-scaled-e1776089396592-15x12.jpg 15w, https:\/\/kadidiaba.com\/wp-content\/uploads\/2025\/07\/Prezentacja_dyplom_2021_wszystkie_prace-27-scaled-e1776089396592.jpg 1818w\" sizes=\"auto, (max-width: 1024px) 100vw, 1024px\" \/><\/figure>\n\n\n\n<figure class=\"wp-block-image size-large\"><img loading=\"lazy\" decoding=\"async\" width=\"1024\" height=\"724\" src=\"https:\/\/kadidiaba.com\/wp-content\/uploads\/2026\/04\/3-1024x724.jpg\" alt=\"\" class=\"wp-image-2072\" srcset=\"https:\/\/kadidiaba.com\/wp-content\/uploads\/2026\/04\/3-1024x724.jpg 1024w, https:\/\/kadidiaba.com\/wp-content\/uploads\/2026\/04\/3-300x212.jpg 300w, https:\/\/kadidiaba.com\/wp-content\/uploads\/2026\/04\/3-768x543.jpg 768w, https:\/\/kadidiaba.com\/wp-content\/uploads\/2026\/04\/3-1536x1086.jpg 1536w, https:\/\/kadidiaba.com\/wp-content\/uploads\/2026\/04\/3-18x12.jpg 18w, https:\/\/kadidiaba.com\/wp-content\/uploads\/2026\/04\/3.jpg 2000w\" sizes=\"auto, (max-width: 1024px) 100vw, 1024px\" \/><\/figure>\n\n\n\n<div style=\"height:123px\" aria-hidden=\"true\" class=\"wp-block-spacer\"><\/div>\n","protected":false},"excerpt":{"rendered":"<p>Po\u00b7tw\u00f3r: Dyplom Licencjacki Projekt powsta\u0142 w ramach dyplomu na Akademii Sztuk Pi\u0119knych w Warszawie, 2021 po\u00b7tw\u00f3r Dyplom Licencjacki 2021 Akademia Sztuk Pieknych w Warszawie Wydzia\u0142 Sztuki Medi\u00f3w Pracownia Koncepcji Obrazu Prowadz\u0105cy: dr.Hab. Pawe\u0142 Susid, mgr. Irmina Sta\u015b \u201epo\u00b7tw\u00f3r\u201d to cykl wielkoformatowych obiekt\u00f3w malarskich, kt\u00f3re stworzy\u0142am jako prac\u0119 dyplomow\u0105 na Akademii Sztuk Pi\u0119knych w Warszawie w [&hellip;]<\/p>\n","protected":false},"author":1,"featured_media":0,"parent":0,"menu_order":0,"comment_status":"closed","ping_status":"closed","template":"","meta":{"footnotes":""},"class_list":["post-1773","page","type-page","status-publish","hentry"],"_links":{"self":[{"href":"https:\/\/kadidiaba.com\/pl\/wp-json\/wp\/v2\/pages\/1773","targetHints":{"allow":["GET"]}}],"collection":[{"href":"https:\/\/kadidiaba.com\/pl\/wp-json\/wp\/v2\/pages"}],"about":[{"href":"https:\/\/kadidiaba.com\/pl\/wp-json\/wp\/v2\/types\/page"}],"author":[{"embeddable":true,"href":"https:\/\/kadidiaba.com\/pl\/wp-json\/wp\/v2\/users\/1"}],"replies":[{"embeddable":true,"href":"https:\/\/kadidiaba.com\/pl\/wp-json\/wp\/v2\/comments?post=1773"}],"version-history":[{"count":19,"href":"https:\/\/kadidiaba.com\/pl\/wp-json\/wp\/v2\/pages\/1773\/revisions"}],"predecessor-version":[{"id":2078,"href":"https:\/\/kadidiaba.com\/pl\/wp-json\/wp\/v2\/pages\/1773\/revisions\/2078"}],"wp:attachment":[{"href":"https:\/\/kadidiaba.com\/pl\/wp-json\/wp\/v2\/media?parent=1773"}],"curies":[{"name":"wp","href":"https:\/\/api.w.org\/{rel}","templated":true}]}}