{"id":1779,"date":"2025-06-26T01:05:13","date_gmt":"2025-06-25T23:05:13","guid":{"rendered":"https:\/\/kadidiaba.com\/?page_id=1779"},"modified":"2026-04-13T16:11:29","modified_gmt":"2026-04-13T14:11:29","slug":"migracje-wewnetrzne-dyplom-zawodowy","status":"publish","type":"page","link":"https:\/\/kadidiaba.com\/pl\/migracje-wewnetrzne-dyplom-zawodowy\/","title":{"rendered":"Migracje wewn\u0119trzne: Dyplom Zawodowy"},"content":{"rendered":"\n<h2 class=\"wp-block-heading\">Migracje wewn\u0119trzne<\/h2>\n\n\n\n<p class=\"has-small-font-size\" style=\"text-transform:uppercase\"><strong>DYPLOM zawodowy  snycerki plastyczki<\/strong><\/p>\n\n\n\n<p class=\"has-small-font-size\">W pracy dyplomowej \u201eMigracje wewn\u0119trzne\u201d stworzy\u0142am monumentaln\u0105, dwumetrow\u0105 form\u0119 rze\u017abiarsk\u0105 inspirowan\u0105 sylwetk\u0105 ryby \u2013 krokodyla. To nie jest realistyczna reprezentacja zwierz\u0119cia, lecz metaforyczna skorupa \u2013 cia\u0142o, kt\u00f3re niesie w sobie \u015blady drogi, pami\u0119\u0107, rytua\u0142y i przemian\u0119. Rze\u017aba jest rodzajem totemu \u2013 symbolicznego wehiku\u0142u, kt\u00f3ry opowiada o ruchu wewn\u0119trznym: o dojrzewaniu, zmianach, powrotach do siebie.<\/p>\n\n\n\n<p class=\"has-small-font-size\">Materia\u0142em bazowym by\u0142o drewno lipowe \u2013 mi\u0119kkie, ch\u0142onne, podatne na dzia\u0142anie d\u0142uta. Pokry\u0142am je kolorystycznie bogat\u0105 warstw\u0105 lazur i pigment\u00f3w \u2013 ziele\u0144, czerwie\u0144, oran\u017ce i b\u0142\u0119kity uk\u0142adaj\u0105 si\u0119 w geometryczne wzory, przywodz\u0105ce na my\u015bl mapy, tatua\u017ce, sk\u00f3r\u0119 zwierz\u0119cia. Ka\u017cdy ornament zosta\u0142 wyci\u0119ty r\u0119cznie i zamalowany z dba\u0142o\u015bci\u0105 o detale \u2013 praca trwa\u0142a kilkadziesi\u0105t godzin i by\u0142a dla mnie do\u015bwiadczeniem medytacyjnym.<\/p>\n\n\n\n<div style=\"height:55px\" aria-hidden=\"true\" class=\"wp-block-spacer\"><\/div>\n\n\n\n<figure class=\"wp-block-image size-large\"><img loading=\"lazy\" decoding=\"async\" width=\"1024\" height=\"282\" src=\"https:\/\/kadidiaba.com\/wp-content\/uploads\/2025\/07\/Screenshot-2025-07-07-165750-e1776086634379-1024x282.png\" alt=\"\" class=\"wp-image-1944\" srcset=\"https:\/\/kadidiaba.com\/wp-content\/uploads\/2025\/07\/Screenshot-2025-07-07-165750-e1776086634379-1024x282.png 1024w, https:\/\/kadidiaba.com\/wp-content\/uploads\/2025\/07\/Screenshot-2025-07-07-165750-e1776086634379-300x83.png 300w, https:\/\/kadidiaba.com\/wp-content\/uploads\/2025\/07\/Screenshot-2025-07-07-165750-e1776086634379-768x212.png 768w, https:\/\/kadidiaba.com\/wp-content\/uploads\/2025\/07\/Screenshot-2025-07-07-165750-e1776086634379-1536x423.png 1536w, https:\/\/kadidiaba.com\/wp-content\/uploads\/2025\/07\/Screenshot-2025-07-07-165750-e1776086634379-18x5.png 18w, https:\/\/kadidiaba.com\/wp-content\/uploads\/2025\/07\/Screenshot-2025-07-07-165750-e1776086634379.png 1790w\" sizes=\"auto, (max-width: 1024px) 100vw, 1024px\" \/><\/figure>\n\n\n\n<div style=\"height:49px\" aria-hidden=\"true\" class=\"wp-block-spacer\"><\/div>\n\n\n\n<figure class=\"wp-block-gallery has-nested-images columns-default is-cropped wp-block-gallery-1 is-layout-flex wp-block-gallery-is-layout-flex\">\n<figure class=\"wp-block-image size-large\"><img loading=\"lazy\" decoding=\"async\" width=\"1024\" height=\"599\" data-id=\"1943\" src=\"https:\/\/kadidiaba.com\/wp-content\/uploads\/2025\/07\/Screenshot-2025-07-07-165811-e1776086906810-1024x599.png\" alt=\"\" class=\"wp-image-1943\" srcset=\"https:\/\/kadidiaba.com\/wp-content\/uploads\/2025\/07\/Screenshot-2025-07-07-165811-e1776086906810-1024x599.png 1024w, https:\/\/kadidiaba.com\/wp-content\/uploads\/2025\/07\/Screenshot-2025-07-07-165811-e1776086906810-300x175.png 300w, https:\/\/kadidiaba.com\/wp-content\/uploads\/2025\/07\/Screenshot-2025-07-07-165811-e1776086906810-768x449.png 768w, https:\/\/kadidiaba.com\/wp-content\/uploads\/2025\/07\/Screenshot-2025-07-07-165811-e1776086906810-18x12.png 18w, https:\/\/kadidiaba.com\/wp-content\/uploads\/2025\/07\/Screenshot-2025-07-07-165811-e1776086906810.png 1457w\" sizes=\"auto, (max-width: 1024px) 100vw, 1024px\" \/><\/figure>\n\n\n\n<figure class=\"wp-block-image size-large\"><img loading=\"lazy\" decoding=\"async\" width=\"1024\" height=\"897\" data-id=\"1942\" src=\"https:\/\/kadidiaba.com\/wp-content\/uploads\/2025\/07\/Screenshot-2025-07-07-165836-e1776086726947-1024x897.png\" alt=\"\" class=\"wp-image-1942\" srcset=\"https:\/\/kadidiaba.com\/wp-content\/uploads\/2025\/07\/Screenshot-2025-07-07-165836-e1776086726947-1024x897.png 1024w, https:\/\/kadidiaba.com\/wp-content\/uploads\/2025\/07\/Screenshot-2025-07-07-165836-e1776086726947-300x263.png 300w, https:\/\/kadidiaba.com\/wp-content\/uploads\/2025\/07\/Screenshot-2025-07-07-165836-e1776086726947-768x673.png 768w, https:\/\/kadidiaba.com\/wp-content\/uploads\/2025\/07\/Screenshot-2025-07-07-165836-e1776086726947-14x12.png 14w, https:\/\/kadidiaba.com\/wp-content\/uploads\/2025\/07\/Screenshot-2025-07-07-165836-e1776086726947.png 1233w\" sizes=\"auto, (max-width: 1024px) 100vw, 1024px\" \/><\/figure>\n<\/figure>\n\n\n\n<div style=\"height:31px\" aria-hidden=\"true\" class=\"wp-block-spacer\"><\/div>\n\n\n\n<p class=\"has-small-font-size\">Teza tej pracy to pytanie o to, co si\u0119 w nas porusza, kiedy stoimy w miejscu. Co migruje w naszych cia\u0142ach, emocjach, pami\u0119ciach? Gdzie mieszkaj\u0105 nasze wewn\u0119trzne rzeki? Forma ryby, istoty poruszaj\u0105cej si\u0119 mi\u0119dzy \u015bwiatami (wody i l\u0105du, snu i jawy), by\u0142a dla mnie idealnym no\u015bnikiem tej opowie\u015bci.<\/p>\n\n\n\n<p class=\"has-small-font-size\">To rze\u017aba, kt\u00f3r\u0105 si\u0119 omija, obchodzi, podziwia z ka\u017cdej strony \u2013 ale r\u00f3wnie\u017c taka, kt\u00f3ra \u201epatrzy\u201d na widza. W jej oku odbija si\u0119 ka\u017cdy, kto na ni\u0105 spojrzy.<\/p>\n\n\n\n<p class=\"has-small-font-size\">Od najm\u0142odszych lat tworz\u0119 \u2013 z potrzeby ruchu, dotyku i pracy z materi\u0105. Wychodz\u0119 z pozycji snycerki i rze\u017abiarki. Znam ci\u0119\u017car narz\u0119dzia, op\u00f3r drewna, zapach politury. Snycerstwo nauczy\u0142o mnie szacunku do materia\u0142u, dyscypliny i fizycznej obecno\u015bci w procesie tw\u00f3rczym. Moje cia\u0142o pami\u0119ta rytm d\u0142uta i si\u0142\u0119 uderzenia m\u0142otka. To wszystko tworzy m\u00f3j j\u0119zyk \u2013 organiczny, fizyczny, nielinearny.<\/p>\n\n\n\n<figure class=\"wp-block-image size-large\"><img loading=\"lazy\" decoding=\"async\" width=\"1024\" height=\"536\" src=\"https:\/\/kadidiaba.com\/wp-content\/uploads\/2025\/07\/Screenshot-2025-07-07-165858-e1776086346666-1024x536.png\" alt=\"\" class=\"wp-image-1945\" srcset=\"https:\/\/kadidiaba.com\/wp-content\/uploads\/2025\/07\/Screenshot-2025-07-07-165858-e1776086346666-1024x536.png 1024w, https:\/\/kadidiaba.com\/wp-content\/uploads\/2025\/07\/Screenshot-2025-07-07-165858-e1776086346666-300x157.png 300w, https:\/\/kadidiaba.com\/wp-content\/uploads\/2025\/07\/Screenshot-2025-07-07-165858-e1776086346666-768x402.png 768w, https:\/\/kadidiaba.com\/wp-content\/uploads\/2025\/07\/Screenshot-2025-07-07-165858-e1776086346666-1536x804.png 1536w, https:\/\/kadidiaba.com\/wp-content\/uploads\/2025\/07\/Screenshot-2025-07-07-165858-e1776086346666-18x9.png 18w, https:\/\/kadidiaba.com\/wp-content\/uploads\/2025\/07\/Screenshot-2025-07-07-165858-e1776086346666.png 1805w\" sizes=\"auto, (max-width: 1024px) 100vw, 1024px\" \/><\/figure>\n\n\n\n<p><\/p>\n","protected":false},"excerpt":{"rendered":"<p>Migracje wewn\u0119trzne DYPLOM zawodowy snycerki plastyczki W pracy dyplomowej \u201eMigracje wewn\u0119trzne\u201d stworzy\u0142am monumentaln\u0105, dwumetrow\u0105 form\u0119 rze\u017abiarsk\u0105 inspirowan\u0105 sylwetk\u0105 ryby \u2013 krokodyla. To nie jest realistyczna reprezentacja zwierz\u0119cia, lecz metaforyczna skorupa \u2013 cia\u0142o, kt\u00f3re niesie w sobie \u015blady drogi, pami\u0119\u0107, rytua\u0142y i przemian\u0119. Rze\u017aba jest rodzajem totemu \u2013 symbolicznego wehiku\u0142u, kt\u00f3ry opowiada o ruchu wewn\u0119trznym: o [&hellip;]<\/p>\n","protected":false},"author":1,"featured_media":0,"parent":0,"menu_order":0,"comment_status":"closed","ping_status":"closed","template":"","meta":{"footnotes":""},"class_list":["post-1779","page","type-page","status-publish","hentry"],"_links":{"self":[{"href":"https:\/\/kadidiaba.com\/pl\/wp-json\/wp\/v2\/pages\/1779","targetHints":{"allow":["GET"]}}],"collection":[{"href":"https:\/\/kadidiaba.com\/pl\/wp-json\/wp\/v2\/pages"}],"about":[{"href":"https:\/\/kadidiaba.com\/pl\/wp-json\/wp\/v2\/types\/page"}],"author":[{"embeddable":true,"href":"https:\/\/kadidiaba.com\/pl\/wp-json\/wp\/v2\/users\/1"}],"replies":[{"embeddable":true,"href":"https:\/\/kadidiaba.com\/pl\/wp-json\/wp\/v2\/comments?post=1779"}],"version-history":[{"count":7,"href":"https:\/\/kadidiaba.com\/pl\/wp-json\/wp\/v2\/pages\/1779\/revisions"}],"predecessor-version":[{"id":2024,"href":"https:\/\/kadidiaba.com\/pl\/wp-json\/wp\/v2\/pages\/1779\/revisions\/2024"}],"wp:attachment":[{"href":"https:\/\/kadidiaba.com\/pl\/wp-json\/wp\/v2\/media?parent=1779"}],"curies":[{"name":"wp","href":"https:\/\/api.w.org\/{rel}","templated":true}]}}