{"id":1918,"date":"2025-07-07T16:58:15","date_gmt":"2025-07-07T14:58:15","guid":{"rendered":"https:\/\/kadidiaba.com\/?page_id=1918"},"modified":"2026-04-13T15:57:23","modified_gmt":"2026-04-13T13:57:23","slug":"art","status":"publish","type":"page","link":"https:\/\/kadidiaba.com\/pl\/art\/","title":{"rendered":"O mnie"},"content":{"rendered":"\n<h2 class=\"wp-block-heading\">O mnie<\/h2>\n\n\n\n<div style=\"height:22px\" aria-hidden=\"true\" class=\"wp-block-spacer\"><\/div>\n\n\n\n<p class=\"has-small-font-size\"><strong>Jestem artystk\u0105 wizualn\u0105, malark\u0105, rze\u017abiark\u0105 i tw\u00f3rczyni\u0105 prac z obszaru nowych medi\u00f3w. Uko\u0144czy\u0142am Akademi\u0119 Sztuk Pi\u0119knych w Warszawie na kierunku Sztuka Medi\u00f3w, a m\u00f3j dyplom zrealizowa\u0142am jako plastyczka-snycerka. W swojej praktyce \u0142\u0105cz\u0119 malarstwo, tkanin\u0119, wideo, performans i media cyfrowe, tworz\u0105c przestrzenne kompozycje balansuj\u0105ce pomi\u0119dzy tradycj\u0105 a wsp\u00f3\u0142czesnymi metodami artystycznymi.<\/strong><\/p>\n\n\n\n<div style=\"height:22px\" aria-hidden=\"true\" class=\"wp-block-spacer\"><\/div>\n\n\n\n<figure class=\"wp-block-image size-large is-resized\"><img loading=\"lazy\" decoding=\"async\" width=\"1024\" height=\"685\" src=\"https:\/\/kadidiaba.com\/wp-content\/uploads\/2025\/07\/Screenshot-2025-07-07-170101-1024x685.png\" alt=\"\" class=\"wp-image-1924\" style=\"width:508px;height:auto\" srcset=\"https:\/\/kadidiaba.com\/wp-content\/uploads\/2025\/07\/Screenshot-2025-07-07-170101-1024x685.png 1024w, https:\/\/kadidiaba.com\/wp-content\/uploads\/2025\/07\/Screenshot-2025-07-07-170101-300x201.png 300w, https:\/\/kadidiaba.com\/wp-content\/uploads\/2025\/07\/Screenshot-2025-07-07-170101-768x514.png 768w, https:\/\/kadidiaba.com\/wp-content\/uploads\/2025\/07\/Screenshot-2025-07-07-170101-1536x1028.png 1536w, https:\/\/kadidiaba.com\/wp-content\/uploads\/2025\/07\/Screenshot-2025-07-07-170101-2048x1371.png 2048w\" sizes=\"auto, (max-width: 1024px) 100vw, 1024px\" \/><\/figure>\n\n\n\n<div style=\"height:22px\" aria-hidden=\"true\" class=\"wp-block-spacer\"><\/div>\n\n\n\n<p class=\"has-small-font-size\">Moim znakiem rozpoznawczym s\u0105 wielkoformatowe prace w technice \u0142\u0105cz\u0105cej malarstwo i tkanin\u0119. Buduj\u0119 unikalny j\u0119zyk formalny poprzez \u0142\u0105czenie szytych i malowanych element\u00f3w z fragmentami ubra\u0144. Interesuje mnie napi\u0119cie mi\u0119dzy kolorem a form\u0105, relacje mi\u0119dzy faktur\u0105 a znaczeniem, a tak\u017ce budowanie narracji poprzez konstrukcj\u0119 i warstwowo\u015b\u0107.<\/p>\n\n\n\n<p class=\"has-small-font-size\">Poruszam tematy osobiste, spo\u0142eczne i egzystencjalne. Aktywnie dzia\u0142am w sektorze kultury, wsp\u00f3\u0142pracuj\u0105c z organizacjami artystycznymi w Polsce i za granic\u0105. Mam do\u015bwiadczenie w projektach mi\u0119dzynarodowych i mi\u0119dzykulturowych. W mojej sztuce bada\u0142am i wci\u0105\u017c badam wyobra\u017ani\u0119, odmienne stany percepcji oraz zr\u00f3\u017cnicowanie kulturowe.<\/p>\n\n\n\n<div style=\"height:22px\" aria-hidden=\"true\" class=\"wp-block-spacer\"><\/div>\n\n\n\n<hr class=\"wp-block-separator has-alpha-channel-opacity\"\/>\n\n\n\n<figure class=\"wp-block-image aligncenter size-large is-resized\"><img loading=\"lazy\" decoding=\"async\" width=\"1024\" height=\"739\" src=\"https:\/\/kadidiaba.com\/wp-content\/uploads\/2025\/07\/IMG_3513-1024x739.jpeg\" alt=\"\" class=\"wp-image-1925\" style=\"aspect-ratio:1.385694702040158;width:521px;height:auto\" srcset=\"https:\/\/kadidiaba.com\/wp-content\/uploads\/2025\/07\/IMG_3513-1024x739.jpeg 1024w, https:\/\/kadidiaba.com\/wp-content\/uploads\/2025\/07\/IMG_3513-300x216.jpeg 300w, https:\/\/kadidiaba.com\/wp-content\/uploads\/2025\/07\/IMG_3513-768x554.jpeg 768w, https:\/\/kadidiaba.com\/wp-content\/uploads\/2025\/07\/IMG_3513.jpeg 1170w\" sizes=\"auto, (max-width: 1024px) 100vw, 1024px\" \/><\/figure>\n\n\n\n<figure class=\"wp-block-image aligncenter size-large is-resized\"><img loading=\"lazy\" decoding=\"async\" width=\"1024\" height=\"739\" src=\"https:\/\/kadidiaba.com\/wp-content\/uploads\/2025\/07\/IMG_3512-1024x739.jpeg\" alt=\"\" class=\"wp-image-1926\" style=\"aspect-ratio:1.3856701816286436;width:514px;height:auto\" srcset=\"https:\/\/kadidiaba.com\/wp-content\/uploads\/2025\/07\/IMG_3512-1024x739.jpeg 1024w, https:\/\/kadidiaba.com\/wp-content\/uploads\/2025\/07\/IMG_3512-300x216.jpeg 300w, https:\/\/kadidiaba.com\/wp-content\/uploads\/2025\/07\/IMG_3512-768x554.jpeg 768w, https:\/\/kadidiaba.com\/wp-content\/uploads\/2025\/07\/IMG_3512.jpeg 1170w\" sizes=\"auto, (max-width: 1024px) 100vw, 1024px\" \/><\/figure>\n\n\n\n<div style=\"height:22px\" aria-hidden=\"true\" class=\"wp-block-spacer\"><\/div>\n\n\n\n<p class=\"has-small-font-size\">Podczas studi\u00f3w na Akademii Sztuk Pi\u0119knych rozwija\u0142am swoj\u0105 praktyk\u0119 w obszarze pracy z tkanin\u0105, traktuj\u0105c j\u0105 jako medium malarskie i performatywne. Praca z tkanin\u0105 otworzy\u0142a mnie na bardziej mi\u0119kkie, procesualne podej\u015bcie do tworzenia \u2013 oparte na intuicji, transformacji i zmienno\u015bci formy. Medium to sta\u0142o si\u0119 dla mnie narz\u0119dziem budowania narracji osadzonych w do\u015bwiadczeniu cielesnym, to\u017csamo\u015bci i relacyjno\u015bci.<\/p>\n\n\n\n<div style=\"height:22px\" aria-hidden=\"true\" class=\"wp-block-spacer\"><\/div>\n\n\n\n<figure class=\"wp-block-gallery has-nested-images columns-default is-cropped wp-block-gallery-1 is-layout-flex wp-block-gallery-is-layout-flex\">\n<figure class=\"wp-block-image size-large\"><img loading=\"lazy\" decoding=\"async\" width=\"878\" height=\"1024\" data-id=\"1930\" src=\"https:\/\/kadidiaba.com\/wp-content\/uploads\/2025\/07\/Screenshot-2025-07-07-165608-878x1024.png\" alt=\"\" class=\"wp-image-1930\" srcset=\"https:\/\/kadidiaba.com\/wp-content\/uploads\/2025\/07\/Screenshot-2025-07-07-165608-878x1024.png 878w, https:\/\/kadidiaba.com\/wp-content\/uploads\/2025\/07\/Screenshot-2025-07-07-165608-257x300.png 257w, https:\/\/kadidiaba.com\/wp-content\/uploads\/2025\/07\/Screenshot-2025-07-07-165608-768x895.png 768w, https:\/\/kadidiaba.com\/wp-content\/uploads\/2025\/07\/Screenshot-2025-07-07-165608.png 928w\" sizes=\"auto, (max-width: 878px) 100vw, 878px\" \/><\/figure>\n\n\n\n<figure class=\"wp-block-image size-large\"><img loading=\"lazy\" decoding=\"async\" width=\"1024\" height=\"1024\" data-id=\"1929\" src=\"https:\/\/kadidiaba.com\/wp-content\/uploads\/2025\/07\/IMG_3515-edited-1024x1024.jpeg\" alt=\"\" class=\"wp-image-1929\" srcset=\"https:\/\/kadidiaba.com\/wp-content\/uploads\/2025\/07\/IMG_3515-edited-1024x1024.jpeg 1024w, https:\/\/kadidiaba.com\/wp-content\/uploads\/2025\/07\/IMG_3515-edited-300x300.jpeg 300w, https:\/\/kadidiaba.com\/wp-content\/uploads\/2025\/07\/IMG_3515-edited-150x150.jpeg 150w, https:\/\/kadidiaba.com\/wp-content\/uploads\/2025\/07\/IMG_3515-edited-768x768.jpeg 768w, https:\/\/kadidiaba.com\/wp-content\/uploads\/2025\/07\/IMG_3515-edited.jpeg 1324w\" sizes=\"auto, (max-width: 1024px) 100vw, 1024px\" \/><\/figure>\n<\/figure>\n\n\n\n<div style=\"height:22px\" aria-hidden=\"true\" class=\"wp-block-spacer\"><\/div>\n\n\n\n<p class=\"has-small-font-size\">Ju\u017c jako nastolatka rozwija\u0142am swoj\u0105 praktyk\u0119 artystyczn\u0105 poprzez rze\u017ab\u0119 w drewnie, zdobywaj\u0105c dyplom snycerski obejmuj\u0105cy zar\u00f3wno formy ma\u0142owymiarowe, jak i rze\u017aby wielkoformatowe. Praca z materi\u0105 tak wymagaj\u0105c\u0105 jak drewno nauczy\u0142a mnie precyzji, cierpliwo\u015bci oraz \u015bwiadomego podej\u015bcia do procesu tw\u00f3rczego \u2013 od koncepcji po realizacj\u0119.<\/p>\n\n\n\n<p class=\"has-small-font-size\">Do\u015bwiadczenie snycerskie do dzi\u015b silnie wp\u0142ywa na m\u00f3j j\u0119zyk artystyczny. My\u015blenie przestrzenne, wra\u017cliwo\u015b\u0107 na struktur\u0119, ci\u0119\u017car i faktur\u0119 materia\u0142u oraz relacja mi\u0119dzy form\u0105 a cia\u0142em s\u0105 obecne tak\u017ce w moich p\u00f3\u017aniejszych dzia\u0142aniach, w tym w performansie i sztuce medi\u00f3w. Rze\u017aba ukszta\u0142towa\u0142a moje podej\u015bcie do budowania narracji poprzez form\u0119 \u2013 fizyczn\u0105, organiczn\u0105 i zakorzenion\u0105 w procesie.<\/p>\n\n\n\n<div style=\"height:22px\" aria-hidden=\"true\" class=\"wp-block-spacer\"><\/div>\n\n\n\n<h2 class=\"wp-block-heading\">Biogram<\/h2>\n\n\n\n<p class=\"has-small-font-size\"><strong>2021<\/strong><br>3 marca \u2013 Publikacja w Zine Without a Crown Vol. XI, str. 37<\/p>\n\n\n\n<p class=\"has-small-font-size\"><strong>2020<\/strong><br>16 lipca \u2013 Wystawa zbiorowa \u201eTu jest Polska\u201d w Muzeum Azji i Pacyfiku w Warszawie, w ramach Pracowni Dzia\u0142a\u0144 Przestrzennych prof. Miros\u0142awa Ba\u0142ki na Akademii Sztuk Pi\u0119knych w Warszawie.<\/p>\n\n\n\n<p class=\"has-small-font-size\"><strong>2019<\/strong><br>21\/23 czerwca \u2013 Plener artystyczny w Kazimierzu Dolnym \u201eAKETOKSY, ZWI\u0104ZEK KREATOGENICZNY\u201d organizowany przez No Budget Show i PKO bp.<\/p>\n\n\n\n<p class=\"has-small-font-size\"><strong>2018<\/strong><br>Rozpocz\u0119cie nauki na Akademii Sztuk Pi\u0119knych w Warszawie na Wydziale Sztuki Medi\u00f3w.<\/p>\n\n\n\n<p class=\"has-small-font-size\"><strong>2017<\/strong><br>11 grudnia \u2013 Festival International Performance Platform Lublin 2017 w Galerii Labirynt.<\/p>\n\n\n\n<p class=\"has-small-font-size\"><strong>2016<\/strong><br>Dyplom Plastyczki\/Snycerki Liceum plastycznego im. Cypriana Kamila Norwida w Lublinie.<br>6\u201310 wrze\u015bnia \u2013 Mi\u0119dzynarodowe Biennale Tygodnia Sztuki Aktualnej we Lwowie w ramach dzia\u0142aj\u0105cej Szko\u0142y Sztuki Performance Galerii Labirynt.<br>9 czerwca \u2013 \u201eAsia na \u017cywo! Tajlandia\u201d, Szko\u0142a Sztuki Performance w Galerii Labirynt.<br>25\u201329 maja \u2013 Projekt \u201eGenius Loci\u201d ESK we Wroc\u0142awiu, warsztaty pokaz performance.<br>28 kwietnia \u2013 Stypendium za osi\u0105gni\u0119cia artystyczne Prezydenta Miasta Lublin.<\/p>\n\n\n\n<p class=\"has-small-font-size\"><strong>2015<\/strong><br>18 pa\u017adziernika \u2013 Nagroda w konkursie III OG\u00d3LNOPOLSKIEJ RZE\u0179BY PLENEROWEJ RADOM-ORO\u0143SKO 2015 KAMIE\u0143, DREWNO, CERAMIKA.<\/p>\n","protected":false},"excerpt":{"rendered":"<p>O mnie Jestem artystk\u0105 wizualn\u0105, malark\u0105, rze\u017abiark\u0105 i tw\u00f3rczyni\u0105 prac z obszaru nowych medi\u00f3w. Uko\u0144czy\u0142am Akademi\u0119 Sztuk Pi\u0119knych w Warszawie na kierunku Sztuka Medi\u00f3w, a m\u00f3j dyplom zrealizowa\u0142am jako plastyczka-snycerka. W swojej praktyce \u0142\u0105cz\u0119 malarstwo, tkanin\u0119, wideo, performans i media cyfrowe, tworz\u0105c przestrzenne kompozycje balansuj\u0105ce pomi\u0119dzy tradycj\u0105 a wsp\u00f3\u0142czesnymi metodami artystycznymi. Moim znakiem rozpoznawczym s\u0105 [&hellip;]<\/p>\n","protected":false},"author":1,"featured_media":0,"parent":0,"menu_order":0,"comment_status":"closed","ping_status":"closed","template":"","meta":{"footnotes":""},"class_list":["post-1918","page","type-page","status-publish","hentry"],"_links":{"self":[{"href":"https:\/\/kadidiaba.com\/pl\/wp-json\/wp\/v2\/pages\/1918","targetHints":{"allow":["GET"]}}],"collection":[{"href":"https:\/\/kadidiaba.com\/pl\/wp-json\/wp\/v2\/pages"}],"about":[{"href":"https:\/\/kadidiaba.com\/pl\/wp-json\/wp\/v2\/types\/page"}],"author":[{"embeddable":true,"href":"https:\/\/kadidiaba.com\/pl\/wp-json\/wp\/v2\/users\/1"}],"replies":[{"embeddable":true,"href":"https:\/\/kadidiaba.com\/pl\/wp-json\/wp\/v2\/comments?post=1918"}],"version-history":[{"count":12,"href":"https:\/\/kadidiaba.com\/pl\/wp-json\/wp\/v2\/pages\/1918\/revisions"}],"predecessor-version":[{"id":2017,"href":"https:\/\/kadidiaba.com\/pl\/wp-json\/wp\/v2\/pages\/1918\/revisions\/2017"}],"wp:attachment":[{"href":"https:\/\/kadidiaba.com\/pl\/wp-json\/wp\/v2\/media?parent=1918"}],"curies":[{"name":"wp","href":"https:\/\/api.w.org\/{rel}","templated":true}]}}