{"id":1947,"date":"2025-07-07T18:45:13","date_gmt":"2025-07-07T16:45:13","guid":{"rendered":"https:\/\/kadidiaba.com\/?page_id=1947"},"modified":"2026-04-13T15:52:07","modified_gmt":"2026-04-13T13:52:07","slug":"art-performances-2016-2021","status":"publish","type":"page","link":"https:\/\/kadidiaba.com\/pl\/art-performances-2016-2021\/","title":{"rendered":"Art Performances 2016-2021"},"content":{"rendered":"\n<h2 class=\"wp-block-heading\">Art Performances 2016-2021<\/h2>\n\n\n\n<p class=\"has-small-font-size\">Moja praktyka performatywna rozwija\u0142a si\u0119 r\u00f3wnolegle z malarstwem \u2013 jako spos\u00f3b pracy z cia\u0142em, przestrzeni\u0105 i obecno\u015bci\u0105, w kt\u00f3rym mo\u017cliwe staje si\u0119 budowanie fizycznych i emocjonalnych napi\u0119\u0107 w czasie rzeczywistym. Performance traktuj\u0119 jako rytua\u0142 transformacji \u2013 moment, w kt\u00f3rym cia\u0142o staje si\u0119 medium, a do\u015bwiadczenie wsp\u00f3lne z widzem \u2013 g\u0142\u00f3wnym materia\u0142em.<\/p>\n\n\n\n<p class=\"has-small-font-size\">Od 2022 roku wsp\u00f3\u0142pracuj\u0119 z Galeri\u0105 Labirynt w Lublinie, gdzie realizuj\u0119 performanse oraz dzia\u0142ania site-specific w ramach projekt\u00f3w badawczych i eksperymentalnych. Interesuje mnie performance jako narz\u0119dzie poznawcze \u2013 testowanie obecno\u015bci, granic i mechanizm\u00f3w wsp\u00f3\u0142odczuwania w r\u00f3\u017cnych kontekstach spo\u0142ecznych i przestrzennych.<\/p>\n\n\n\n<p class=\"has-small-font-size\">Bra\u0142am udzia\u0142 w projektach rezydencyjnych i wymianach artystycznych w Czechach i Ukrainie, gdzie rozwija\u0142am dzia\u0142ania performatywne w relacji z lokalnym kontekstem, histori\u0105 miejsc i pami\u0119ci\u0105 zbiorow\u0105. Tworzy\u0142am zar\u00f3wno w przestrzeniach galeryjnych, jak i pozaformalnych \u2013 w pustostanach, przestrzeniach publicznych, plenerach \u2013 eksploruj\u0105c performans jako form\u0119 dialogu i do\u015bwiadczenia wsp\u00f3lnotowego.<\/p>\n\n\n\n<p class=\"has-small-font-size\">W centrum moich dzia\u0142a\u0144 zawsze stoi cia\u0142o \u2013 nie jako reprezentacja, lecz jako \u017ar\u00f3d\u0142o wiedzy, emocji i opowie\u015bci.<\/p>\n\n\n\n<figure class=\"wp-block-image size-large is-resized\"><img loading=\"lazy\" decoding=\"async\" width=\"1024\" height=\"689\" src=\"https:\/\/kadidiaba.com\/wp-content\/uploads\/2025\/07\/Screenshot-2025-07-07-165726-1024x689.png\" alt=\"\" class=\"wp-image-1983\" style=\"width:637px;height:auto\" srcset=\"https:\/\/kadidiaba.com\/wp-content\/uploads\/2025\/07\/Screenshot-2025-07-07-165726-1024x689.png 1024w, https:\/\/kadidiaba.com\/wp-content\/uploads\/2025\/07\/Screenshot-2025-07-07-165726-300x202.png 300w, https:\/\/kadidiaba.com\/wp-content\/uploads\/2025\/07\/Screenshot-2025-07-07-165726-768x516.png 768w, https:\/\/kadidiaba.com\/wp-content\/uploads\/2025\/07\/Screenshot-2025-07-07-165726-1536x1033.png 1536w, https:\/\/kadidiaba.com\/wp-content\/uploads\/2025\/07\/Screenshot-2025-07-07-165726.png 1740w\" sizes=\"auto, (max-width: 1024px) 100vw, 1024px\" \/><\/figure>\n\n\n\n<figure class=\"wp-block-image size-large is-resized\"><img loading=\"lazy\" decoding=\"async\" width=\"1024\" height=\"616\" src=\"https:\/\/kadidiaba.com\/wp-content\/uploads\/2025\/07\/Screenshot-2025-07-07-165654-1024x616.png\" alt=\"\" class=\"wp-image-1973\" style=\"aspect-ratio:1.662374316457929;width:589px;height:auto\" srcset=\"https:\/\/kadidiaba.com\/wp-content\/uploads\/2025\/07\/Screenshot-2025-07-07-165654-1024x616.png 1024w, https:\/\/kadidiaba.com\/wp-content\/uploads\/2025\/07\/Screenshot-2025-07-07-165654-300x180.png 300w, https:\/\/kadidiaba.com\/wp-content\/uploads\/2025\/07\/Screenshot-2025-07-07-165654-768x462.png 768w, https:\/\/kadidiaba.com\/wp-content\/uploads\/2025\/07\/Screenshot-2025-07-07-165654-1536x924.png 1536w, https:\/\/kadidiaba.com\/wp-content\/uploads\/2025\/07\/Screenshot-2025-07-07-165654.png 1816w\" sizes=\"auto, (max-width: 1024px) 100vw, 1024px\" \/><\/figure>\n\n\n\n<figure class=\"wp-block-image size-full is-resized\"><img loading=\"lazy\" decoding=\"async\" width=\"960\" height=\"655\" src=\"https:\/\/kadidiaba.com\/wp-content\/uploads\/2025\/07\/IMG_3514.jpeg\" alt=\"\" class=\"wp-image-1975\" style=\"aspect-ratio:1.4656886715566422;width:507px;height:auto\" srcset=\"https:\/\/kadidiaba.com\/wp-content\/uploads\/2025\/07\/IMG_3514.jpeg 960w, https:\/\/kadidiaba.com\/wp-content\/uploads\/2025\/07\/IMG_3514-300x205.jpeg 300w, https:\/\/kadidiaba.com\/wp-content\/uploads\/2025\/07\/IMG_3514-768x524.jpeg 768w\" sizes=\"auto, (max-width: 960px) 100vw, 960px\" \/><\/figure>\n\n\n\n<figure class=\"wp-block-image size-large is-resized\"><img loading=\"lazy\" decoding=\"async\" width=\"1024\" height=\"679\" src=\"https:\/\/kadidiaba.com\/wp-content\/uploads\/2025\/07\/Screenshot-2025-07-07-165709-e1776088292308-1024x679.png\" alt=\"\" class=\"wp-image-1982\" style=\"aspect-ratio:1.508132084770823;width:523px;height:auto\" srcset=\"https:\/\/kadidiaba.com\/wp-content\/uploads\/2025\/07\/Screenshot-2025-07-07-165709-e1776088292308-1024x679.png 1024w, https:\/\/kadidiaba.com\/wp-content\/uploads\/2025\/07\/Screenshot-2025-07-07-165709-e1776088292308-300x199.png 300w, https:\/\/kadidiaba.com\/wp-content\/uploads\/2025\/07\/Screenshot-2025-07-07-165709-e1776088292308-768x509.png 768w, https:\/\/kadidiaba.com\/wp-content\/uploads\/2025\/07\/Screenshot-2025-07-07-165709-e1776088292308-1536x1018.png 1536w, https:\/\/kadidiaba.com\/wp-content\/uploads\/2025\/07\/Screenshot-2025-07-07-165709-e1776088292308-18x12.png 18w, https:\/\/kadidiaba.com\/wp-content\/uploads\/2025\/07\/Screenshot-2025-07-07-165709-e1776088292308.png 1614w\" sizes=\"auto, (max-width: 1024px) 100vw, 1024px\" \/><\/figure>\n\n\n\n<figure class=\"wp-block-gallery has-nested-images columns-default is-cropped wp-block-gallery-1 is-layout-flex wp-block-gallery-is-layout-flex\">\n<figure class=\"wp-block-image size-large\"><img loading=\"lazy\" decoding=\"async\" width=\"683\" height=\"1024\" data-id=\"1978\" src=\"https:\/\/kadidiaba.com\/wp-content\/uploads\/2025\/07\/IMG_3516-683x1024.jpeg\" alt=\"\" class=\"wp-image-1978\" srcset=\"https:\/\/kadidiaba.com\/wp-content\/uploads\/2025\/07\/IMG_3516-683x1024.jpeg 683w, https:\/\/kadidiaba.com\/wp-content\/uploads\/2025\/07\/IMG_3516-200x300.jpeg 200w, https:\/\/kadidiaba.com\/wp-content\/uploads\/2025\/07\/IMG_3516-768x1152.jpeg 768w, https:\/\/kadidiaba.com\/wp-content\/uploads\/2025\/07\/IMG_3516.jpeg 1000w\" sizes=\"auto, (max-width: 683px) 100vw, 683px\" \/><\/figure>\n\n\n\n<figure class=\"wp-block-image size-large\"><img loading=\"lazy\" decoding=\"async\" width=\"683\" height=\"1024\" data-id=\"1979\" src=\"https:\/\/kadidiaba.com\/wp-content\/uploads\/2025\/07\/IMG_3518-683x1024.jpeg\" alt=\"\" class=\"wp-image-1979\" srcset=\"https:\/\/kadidiaba.com\/wp-content\/uploads\/2025\/07\/IMG_3518-683x1024.jpeg 683w, https:\/\/kadidiaba.com\/wp-content\/uploads\/2025\/07\/IMG_3518-200x300.jpeg 200w, https:\/\/kadidiaba.com\/wp-content\/uploads\/2025\/07\/IMG_3518-768x1152.jpeg 768w, https:\/\/kadidiaba.com\/wp-content\/uploads\/2025\/07\/IMG_3518.jpeg 1000w\" sizes=\"auto, (max-width: 683px) 100vw, 683px\" \/><\/figure>\n<\/figure>\n\n\n\n<figure class=\"wp-block-image size-large is-resized\"><img loading=\"lazy\" decoding=\"async\" width=\"1024\" height=\"768\" src=\"https:\/\/kadidiaba.com\/wp-content\/uploads\/2025\/07\/IMG_3520-1024x768.jpeg\" alt=\"\" class=\"wp-image-1981\" style=\"width:568px;height:auto\" srcset=\"https:\/\/kadidiaba.com\/wp-content\/uploads\/2025\/07\/IMG_3520-1024x768.jpeg 1024w, https:\/\/kadidiaba.com\/wp-content\/uploads\/2025\/07\/IMG_3520-300x225.jpeg 300w, https:\/\/kadidiaba.com\/wp-content\/uploads\/2025\/07\/IMG_3520-768x576.jpeg 768w, https:\/\/kadidiaba.com\/wp-content\/uploads\/2025\/07\/IMG_3520-1536x1152.jpeg 1536w, https:\/\/kadidiaba.com\/wp-content\/uploads\/2025\/07\/IMG_3520.jpeg 1944w\" sizes=\"auto, (max-width: 1024px) 100vw, 1024px\" \/><\/figure>\n","protected":false},"excerpt":{"rendered":"<p>Art Performances 2016-2021 Moja praktyka performatywna rozwija\u0142a si\u0119 r\u00f3wnolegle z malarstwem \u2013 jako spos\u00f3b pracy z cia\u0142em, przestrzeni\u0105 i obecno\u015bci\u0105, w kt\u00f3rym mo\u017cliwe staje si\u0119 budowanie fizycznych i emocjonalnych napi\u0119\u0107 w czasie rzeczywistym. Performance traktuj\u0119 jako rytua\u0142 transformacji \u2013 moment, w kt\u00f3rym cia\u0142o staje si\u0119 medium, a do\u015bwiadczenie wsp\u00f3lne z widzem \u2013 g\u0142\u00f3wnym materia\u0142em. Od [&hellip;]<\/p>\n","protected":false},"author":1,"featured_media":0,"parent":0,"menu_order":0,"comment_status":"closed","ping_status":"closed","template":"","meta":{"footnotes":""},"class_list":["post-1947","page","type-page","status-publish","hentry"],"_links":{"self":[{"href":"https:\/\/kadidiaba.com\/pl\/wp-json\/wp\/v2\/pages\/1947","targetHints":{"allow":["GET"]}}],"collection":[{"href":"https:\/\/kadidiaba.com\/pl\/wp-json\/wp\/v2\/pages"}],"about":[{"href":"https:\/\/kadidiaba.com\/pl\/wp-json\/wp\/v2\/types\/page"}],"author":[{"embeddable":true,"href":"https:\/\/kadidiaba.com\/pl\/wp-json\/wp\/v2\/users\/1"}],"replies":[{"embeddable":true,"href":"https:\/\/kadidiaba.com\/pl\/wp-json\/wp\/v2\/comments?post=1947"}],"version-history":[{"count":6,"href":"https:\/\/kadidiaba.com\/pl\/wp-json\/wp\/v2\/pages\/1947\/revisions"}],"predecessor-version":[{"id":2012,"href":"https:\/\/kadidiaba.com\/pl\/wp-json\/wp\/v2\/pages\/1947\/revisions\/2012"}],"wp:attachment":[{"href":"https:\/\/kadidiaba.com\/pl\/wp-json\/wp\/v2\/media?parent=1947"}],"curies":[{"name":"wp","href":"https:\/\/api.w.org\/{rel}","templated":true}]}}