{"id":1951,"date":"2025-07-07T18:47:08","date_gmt":"2025-07-07T16:47:08","guid":{"rendered":"https:\/\/kadidiaba.com\/?page_id=1951"},"modified":"2025-10-06T14:24:36","modified_gmt":"2025-10-06T12:24:36","slug":"podroz-pokoleniowa-video-art","status":"publish","type":"page","link":"https:\/\/kadidiaba.com\/pl\/podroz-pokoleniowa-video-art\/","title":{"rendered":"Podr\u00f3\u017c Pokoleniowa: Video Art"},"content":{"rendered":"\n<h2 class=\"wp-block-heading\">Podr\u00f3\u017c Pokoleniowa: Video Art<\/h2>\n\n\n\n<p class=\"has-small-font-size\" style=\"text-transform:uppercase\"><strong>Film dokumentalno-artystyczny 2020<\/strong><\/p>\n\n\n\n<p class=\"has-small-font-size\">\u201ePodr\u00f3\u017c Pokoleniowa\u201d to intymny zapis wyprawy mojego ojca do rodzinnej Mauretanii \u2013 kraju, kt\u00f3ry opu\u015bci\u0142 wiele lat temu. Towarzysz\u0119 mu z kamer\u0105, staraj\u0105c si\u0119 zrozumie\u0107 jego histori\u0119, wybory, i to, co zostaje w cz\u0142owieku, gdy opuszcza si\u0119 miejsce pochodzenia.<\/p>\n\n\n\n<p class=\"has-small-font-size\">To nie jest klasyczny dokument \u2013 to video art. Obraz z\u0142o\u017conyz fragment\u00f3w codzienno\u015bci, rozm\u00f3w, spojrze\u0144, d\u017awi\u0119k\u00f3w i ciszy. Przeplataj\u0105 si\u0119 tu warstwy: osobista, kulturowa i polityczna. Film m\u00f3wi o migracji \u2013 ale tej niewidocznej, wewn\u0119trznej. O byciu pomi\u0119dzy: pomi\u0119dzy kontynentami, j\u0119zykami, pokoleniami.<\/p>\n\n\n\n<p class=\"has-small-font-size\">Dla mojego ojca ta podr\u00f3\u017c by\u0142a powrotem \u2013 do ludzi, krajobraz\u00f3w, do wspomnie\u0144, kt\u00f3re si\u0119 nie zatar\u0142y. Dla mnie, momentem, w kt\u00f3rym pr\u00f3buj\u0119 zbudowa\u0107 relacj\u0119 z miejscem odleg\u0142y ale domem mojej rodziny. Obserwuj\u0119, dokumentuj\u0119, ale i zanurzam si\u0119 \u2013 jako artystka i c\u00f3rka.<\/p>\n\n\n\n<p class=\"has-small-font-size\">\u201ePodr\u00f3\u017c Pokoleniowa\u201d jest te\u017c pr\u00f3b\u0105 uchwycenia tego, co ulotne: gest\u00f3w, atmosfery, fragment\u00f3w j\u0119zyka. Film buduj\u0119 na styku dokumentu i poezji wizualnej. To praca o dziedziczeniu pami\u0119ci i o tym, jak sztuka mo\u017ce by\u0107 narz\u0119dziem zbli\u017cenia.<\/p>\n\n\n\n<figure class=\"wp-block-embed is-type-video is-provider-youtube wp-block-embed-youtube wp-embed-aspect-16-9 wp-has-aspect-ratio\"><div class=\"wp-block-embed__wrapper\">\n<iframe loading=\"lazy\" title=\"BaKadidia DW Mauretania 1920 4 8\" width=\"500\" height=\"281\" src=\"https:\/\/www.youtube.com\/embed\/rF14yV_GNWk?feature=oembed\" frameborder=\"0\" allow=\"accelerometer; autoplay; clipboard-write; encrypted-media; gyroscope; picture-in-picture; web-share\" referrerpolicy=\"strict-origin-when-cross-origin\" allowfullscreen><\/iframe>\n<\/div><\/figure>\n","protected":false},"excerpt":{"rendered":"<p>Podr\u00f3\u017c Pokoleniowa: Video Art Film dokumentalno-artystyczny 2020 \u201ePodr\u00f3\u017c Pokoleniowa\u201d to intymny zapis wyprawy mojego ojca do rodzinnej Mauretanii \u2013 kraju, kt\u00f3ry opu\u015bci\u0142 wiele lat temu. Towarzysz\u0119 mu z kamer\u0105, staraj\u0105c si\u0119 zrozumie\u0107 jego histori\u0119, wybory, i to, co zostaje w cz\u0142owieku, gdy opuszcza si\u0119 miejsce pochodzenia. To nie jest klasyczny dokument \u2013 to video art. [&hellip;]<\/p>\n","protected":false},"author":1,"featured_media":0,"parent":0,"menu_order":0,"comment_status":"closed","ping_status":"closed","template":"","meta":{"footnotes":""},"class_list":["post-1951","page","type-page","status-publish","hentry"],"_links":{"self":[{"href":"https:\/\/kadidiaba.com\/pl\/wp-json\/wp\/v2\/pages\/1951","targetHints":{"allow":["GET"]}}],"collection":[{"href":"https:\/\/kadidiaba.com\/pl\/wp-json\/wp\/v2\/pages"}],"about":[{"href":"https:\/\/kadidiaba.com\/pl\/wp-json\/wp\/v2\/types\/page"}],"author":[{"embeddable":true,"href":"https:\/\/kadidiaba.com\/pl\/wp-json\/wp\/v2\/users\/1"}],"replies":[{"embeddable":true,"href":"https:\/\/kadidiaba.com\/pl\/wp-json\/wp\/v2\/comments?post=1951"}],"version-history":[{"count":4,"href":"https:\/\/kadidiaba.com\/pl\/wp-json\/wp\/v2\/pages\/1951\/revisions"}],"predecessor-version":[{"id":1990,"href":"https:\/\/kadidiaba.com\/pl\/wp-json\/wp\/v2\/pages\/1951\/revisions\/1990"}],"wp:attachment":[{"href":"https:\/\/kadidiaba.com\/pl\/wp-json\/wp\/v2\/media?parent=1951"}],"curies":[{"name":"wp","href":"https:\/\/api.w.org\/{rel}","templated":true}]}}